{"id":551,"date":"2017-05-02T17:00:00","date_gmt":"2017-05-02T15:00:00","guid":{"rendered":"http:\/\/discover-src.satzbaustein.de\/de\/?page_id=551"},"modified":"2020-03-06T15:21:31","modified_gmt":"2020-03-06T14:21:31","slug":"partner","status":"publish","type":"page","link":"https:\/\/discover-src.net\/de\/partner\/","title":{"rendered":"Partner"},"content":{"rendered":"<h1 style=\"text-align: center;\">Partner<\/h1>\n<p style=\"text-align: center;\"><a href=\"https:\/\/discover-src.net\/de\/partner-in-europa\/\">Hier<\/a> sind die Partner und Organisationen in Europa, mit denen wir in enger Verbindung stehen.<br \/>\nUnd <a href=\"https:\/\/discover-src.net\/de\/partner-in-afrika\/\">hier<\/a>\u00a0 finden Sie Menschen und Organisationen in Afrika, mit denen wir eng zusammenarbeiten.<\/p>\n<h3 style=\"text-align: center;\">In diesen L\u00e4ndern Afrikas sind Discover-Partner<\/h3>\n<p style=\"text-align: center;\"><a href=\"https:\/\/discover-src.net\/de\/wp-content\/uploads\/2020\/03\/Partner-in-Afrika.jpg\"><img loading=\"lazy\" decoding=\"async\" class=\" wp-image-1997 aligncenter\" src=\"https:\/\/discover-src.net\/de\/wp-content\/uploads\/2020\/03\/Partner-in-Afrika.jpg\" alt=\"\" width=\"495\" height=\"750\" \/><\/a>(Zum Vergr\u00f6\u00dfern anklicken)<\/p>\n<h3 style=\"text-align: center;\">Das sind undere Partner in Uganda<\/h3>\n<p style=\"text-align: center;\"><a href=\"https:\/\/discover-src.net\/de\/wp-content\/uploads\/2020\/03\/Discover-Partner-in-Uganda.jpg\"><img loading=\"lazy\" decoding=\"async\" class=\" wp-image-1995 aligncenter\" src=\"https:\/\/discover-src.net\/de\/wp-content\/uploads\/2020\/03\/Discover-Partner-in-Uganda-727x1024.jpg\" alt=\"\" width=\"493\" height=\"700\" \/><\/a>(Zum Vergr\u00f6\u00dfern anklicken)<\/p>\n<p>&nbsp;<\/p>\n<p>&nbsp;<\/p>\n<p>&nbsp;<\/p>\n<p>&nbsp;<\/p>\n<p>&nbsp;<\/p>\n<p>&nbsp;<\/p>\n<p>&nbsp;<\/p>\n<p>&nbsp;<\/p>\n","protected":false},"excerpt":{"rendered":"<p>Partner Hier sind die Partner und Organisationen in Europa, mit denen wir in enger Verbindung stehen. Und hier\u00a0 finden Sie Menschen und Organisationen in Afrika, mit denen wir eng zusammenarbeiten. In diesen L\u00e4ndern Afrikas sind Discover-Partner (Zum Vergr\u00f6\u00dfern anklicken) Das sind undere Partner in Uganda (Zum Vergr\u00f6\u00dfern anklicken) &nbsp; &nbsp; &nbsp; &nbsp; &nbsp; &nbsp; &nbsp; [&hellip;]<\/p>\n","protected":false},"author":1,"featured_media":0,"parent":0,"menu_order":0,"comment_status":"closed","ping_status":"closed","template":"","meta":{"ngg_post_thumbnail":0,"footnotes":""},"class_list":["post-551","page","type-page","status-publish","hentry"],"_links":{"self":[{"href":"https:\/\/discover-src.net\/de\/wp-json\/wp\/v2\/pages\/551","targetHints":{"allow":["GET"]}}],"collection":[{"href":"https:\/\/discover-src.net\/de\/wp-json\/wp\/v2\/pages"}],"about":[{"href":"https:\/\/discover-src.net\/de\/wp-json\/wp\/v2\/types\/page"}],"author":[{"embeddable":true,"href":"https:\/\/discover-src.net\/de\/wp-json\/wp\/v2\/users\/1"}],"replies":[{"embeddable":true,"href":"https:\/\/discover-src.net\/de\/wp-json\/wp\/v2\/comments?post=551"}],"version-history":[{"count":33,"href":"https:\/\/discover-src.net\/de\/wp-json\/wp\/v2\/pages\/551\/revisions"}],"predecessor-version":[{"id":1994,"href":"https:\/\/discover-src.net\/de\/wp-json\/wp\/v2\/pages\/551\/revisions\/1994"}],"wp:attachment":[{"href":"https:\/\/discover-src.net\/de\/wp-json\/wp\/v2\/media?parent=551"}],"curies":[{"name":"wp","href":"https:\/\/api.w.org\/{rel}","templated":true}]}}