{"id":40,"date":"2016-10-24T10:31:00","date_gmt":"2016-10-24T08:31:00","guid":{"rendered":"http:\/\/discover-src.satzbaustein.de\/?page_id=40"},"modified":"2022-07-20T09:27:35","modified_gmt":"2022-07-20T07:27:35","slug":"ueber-discover","status":"publish","type":"page","link":"https:\/\/discover-src.net\/de\/ueber-discover\/","title":{"rendered":"\u00dcber Discover"},"content":{"rendered":"<h1>Discover bewegt sich weiter!<\/h1>\n<p>Discover e.V. hat sich zum Ziel gesetzt, bis M\u00e4rz 2022 seine Unterst\u00fctzung f\u00fcr die Gemeindeentwicklung in Afrika auslaufen zu lassen. Wir sind stolz darauf, was unsere Partner mit der Unterst\u00fctzung vieler Freunde seit der Gr\u00fcndung von Discover im M\u00e4rz 2014 erreicht haben.<\/p>\n<p>Bis M\u00e4rz 2022 wollen wir unsere Partner so unterst\u00fctzen, dass sie die Ressourcen und F\u00e4higkeiten haben, ihre hervorragende Arbeit auch ohne unsere finanzielle Unterst\u00fctzung fortzusetzen.<\/p>\n<p>Bitte helfen Sie uns, diese Ausstiegsstrategie erfolgreich umzusetzen.<\/p>\n<p>Ab M\u00e4rz 2022 werden wir uns ganz auf die Baumpflanzungen konzentrieren. Bis dahin werden wir unsere Partner weiterhin dabei unterst\u00fctzen, ihre derzeitigen sehr wertvollen Gemeinschaftsprojekte zu einem erfolgreichen Abschluss zu bringen. Zu diesen Projekten geh\u00f6ren die Verbesserung der Fischteiche in Kighengi in Uganda, die sich bereits als Segen erweisen, da sie wertvolles Eiwei\u00df liefern, sowie die Unterst\u00fctzung von Fortbildungen in nat\u00fcrlicher Gesundheitsf\u00fcrsorge, biologischem Gartenbau und die Ausbildung im Tischlerhandwerk f\u00fcr Jugendliche, die auf der Stra\u00dfe leben.<\/p>\n<p>Uganda leidet unter einer weiteren Ausgangssperre wegen des Corona-Virus, was bedeutet, dass wir sehr viele Hilfsappelle von Gemeinden erhalten, in denen die Menschen sich in gro\u00dfer Not befinden und verzweifeln.<\/p>\n<p>F\u00fcr die Zukunft steht das Pflanzen von B\u00e4umen wegen der Klimakrise und der gro\u00dffl\u00e4chigen Abholzung an vorderster Stelle. Durch diese Ma\u00dfnahmen werden unsere Partner zudem die Bodenfruchtbarkeit erh\u00f6hen, Fr\u00fcchte und Medikamente produzieren k\u00f6nnen und auch weniger von \u00dcberschwemmungen und D\u00fcrre betroffen sein.<\/p>\n<p>Wir werden vier Baumpflanzungsprojekte unterst\u00fctzen: In Kasese, Arivu und Kaliro in Uganda und in Manicaland in Simbabwe.<\/p>\n<h5><a href=\"https:\/\/discover-src.net\/en\/wp-content\/uploads\/2021\/06\/2021-22-Tree-Planting-project-Arivu-Uganda.pdf\" target=\"_blank\" rel=\"noopener noreferrer\">Bitte lesen Sie diesen Bericht \u00fcber das Baumpflanzungsprojekt in Arivu, Uganda.<\/a><br \/>\nDas Kasese Network, ein Zusammenschluss von drei Discover-Gruppen im Kasese District, hat sein Programm abgeschlossen, bei dem 150 Bauern insgesamt 15.000 B\u00e4ume gepflanzt haben. Diese B\u00e4ume werden daf\u00fcr sorgen, dass starke Regenf\u00e4lle leichter in den Boden einsickern k\u00f6nnen, wodurch die Gefahr von \u00dcberschwemmungen in Zukunft verringert wird \u2013 und damit hoffentlich die Verw\u00fcstungen und der Verlust von Menschenleben, wie sie im Jahr 2020 aufgetreten sind, in Zukunft weniger wahrscheinlich werden.<\/h5>\n<p class=\"entry-content\">Der Discover-Jahresbericht 2020 beschreibt die vielen bemerkenswerten Aktivit\u00e4ten, die trotz der durch die COVID-Pandemie verursachten Probleme stattgefunden haben. Bitte lesen Sie ihn <a href=\"https:\/\/discover-src.net\/de\/wp-content\/uploads\/2021\/03\/2020-Jahresbericht.pdf\" target=\"_blank\" rel=\"noopener noreferrer\">hier<\/a>.<\/p>\n<p class=\"entry-content\">Wir unterst\u00fctzen derzeit Partner und Gruppen in vier afrikanischen L\u00e4ndern.<br \/>\nDaf\u00fcr ben\u00f6tigen wir Ihre Spenden. <a href=\"https:\/\/discover-src.net\/de\/wp-content\/uploads\/2021\/06\/2021-06-Spendenaufruf-Juni.pdf\" target=\"_blank\" rel=\"noopener noreferrer\">Hier<\/a> k\u00f6nnen Sie lesen, was genau Ihr Geld erm\u00f6glichen soll.<\/p>\n<p>&nbsp;<\/p>\n<p>Im Verlauf der beiden letzten Jahre entwickelten unsere Partner immer mehr Aktivit\u00e4ten in Schulen. Diese fruchtbare Arbeit mit Kindern und Lehrern beinhaltet:<\/p>\n<figure id=\"attachment_1799\" aria-describedby=\"caption-attachment-1799\" style=\"width: 300px\" class=\"wp-caption alignright\"><img loading=\"lazy\" decoding=\"async\" class=\"wp-image-1799 size-medium\" src=\"https:\/\/discover-src.net\/en\/wp-content\/uploads\/2019\/05\/9.-Izinga-Primary-School-Kaliro-District-4-reduced-300x154.jpg\" alt=\"\" width=\"300\" height=\"154\" \/><figcaption id=\"caption-attachment-1799\" class=\"wp-caption-text\">Kinder und Lehrer in der Izinga Grundschule im Bezirk Kaliro in Uganda stehen stolz in ihrem Garten mit selbst gepflanzten Auberginen<\/figcaption><\/figure>\n<ul>\n<li>Anlegen von Schulg\u00e4rten mit verschiedenen Gem\u00fcsesorten und Heilpflanzen sowie Pflanzen von B\u00e4umen,<\/li>\n<li>Ermutigung der Schulen zum Anbieten von Schul-Mittagessen, das mit Gem\u00fcse aus dem eigenen Garten erg\u00e4nzt wird,<\/li>\n<li>Veranstaltung von Debatten zu Themen wie Hygiene und gesunde Ern\u00e4hrung, durch die die Kinder auch im kritischen Denken und Argumentieren geschult werden,<\/li>\n<li>Die Schultoiletten mit Einrichtungen zum Waschen der H\u00e4nde zu versehen und sicher zu stellen, dass auch Seife zur Verf\u00fcgung steht.<\/li>\n<\/ul>\n<p>Mehr Information \u00fcber die Arbeit von Discover in Schulen gibt es <a href=\"https:\/\/discover-src.net\/de\/wp-content\/uploads\/2019\/01\/2018-12-Schulprogramm.pdf\" target=\"_blank\" rel=\"noopener noreferrer\">hier.<\/a> Mehr zu unserem <strong>Leitbild<\/strong> und <strong>Projektbeispiele<\/strong> gibt es <a href=\"http:\/\/discover-src.net\/de\/wp-content\/uploads\/2018\/10\/2018-Flyer-Discover.pdf\" target=\"_blank\" rel=\"noopener noreferrer\">hier<\/a>.<\/p>\n","protected":false},"excerpt":{"rendered":"<p>Discover bewegt sich weiter! Discover e.V. hat sich zum Ziel gesetzt, bis M\u00e4rz 2022 seine Unterst\u00fctzung f\u00fcr die Gemeindeentwicklung in Afrika auslaufen zu lassen. Wir sind stolz darauf, was unsere Partner mit der Unterst\u00fctzung vieler Freunde seit der Gr\u00fcndung von Discover im M\u00e4rz 2014 erreicht haben. Bis M\u00e4rz 2022 wollen wir unsere Partner so unterst\u00fctzen, [&hellip;]<\/p>\n","protected":false},"author":1,"featured_media":0,"parent":0,"menu_order":2,"comment_status":"closed","ping_status":"closed","template":"","meta":{"ngg_post_thumbnail":0,"footnotes":""},"class_list":["post-40","page","type-page","status-publish","hentry"],"_links":{"self":[{"href":"https:\/\/discover-src.net\/de\/wp-json\/wp\/v2\/pages\/40","targetHints":{"allow":["GET"]}}],"collection":[{"href":"https:\/\/discover-src.net\/de\/wp-json\/wp\/v2\/pages"}],"about":[{"href":"https:\/\/discover-src.net\/de\/wp-json\/wp\/v2\/types\/page"}],"author":[{"embeddable":true,"href":"https:\/\/discover-src.net\/de\/wp-json\/wp\/v2\/users\/1"}],"replies":[{"embeddable":true,"href":"https:\/\/discover-src.net\/de\/wp-json\/wp\/v2\/comments?post=40"}],"version-history":[{"count":96,"href":"https:\/\/discover-src.net\/de\/wp-json\/wp\/v2\/pages\/40\/revisions"}],"predecessor-version":[{"id":2663,"href":"https:\/\/discover-src.net\/de\/wp-json\/wp\/v2\/pages\/40\/revisions\/2663"}],"wp:attachment":[{"href":"https:\/\/discover-src.net\/de\/wp-json\/wp\/v2\/media?parent=40"}],"curies":[{"name":"wp","href":"https:\/\/api.w.org\/{rel}","templated":true}]}}