{"id":38,"date":"2016-10-24T10:22:58","date_gmt":"2016-10-24T08:22:58","guid":{"rendered":"http:\/\/discover-src.satzbaustein.de\/?page_id=38"},"modified":"2019-06-29T21:19:05","modified_gmt":"2019-06-29T19:19:05","slug":"fuehrung","status":"publish","type":"page","link":"https:\/\/discover-src.net\/de\/fuehrung\/","title":{"rendered":"Management"},"content":{"rendered":"<h1><span style=\"color: #339966;\">Organisationsstruktur<\/span><strong><br \/>\n<\/strong><\/h1>\n<p>DISCOVER ist ein gemeinn\u00fctziger Verein mit Sitz in Winnenden. Er wurde im M\u00e4rz 2014 gegr\u00fcndet und ist beim Amtsgericht Stuttgart eingetragen.<\/p>\n<p>Dr. Keith Lindsey, der Koordinator und 1. Vorsitzende von DISCOVER, verf\u00fcgt \u00fcber viel Erfahrung in der\u00a0 F\u00f6rderung Einzelner und Gruppen in Europa und Afrika. Er wird von Jutta Krauss im Kontakt mit den afrikanischen Partnern unterst\u00fctzt.<\/p>\n<p>Der Vorstand von DISCOVER besteht aus zwei Mitgliedern. Im Rhythmus von etwa zwei Monaten finden Vorstandssitzungen statt. Sie werden unterst\u00fctzt von einer Gruppe beratender Mitglieder des erweiterten Vorstands (s. u).<\/p>\n<p>DISCOVER hat derzeit rund 45 Mitglieder, die Unterst\u00fctzung und Stabilit\u00e4t gew\u00e4hren. Der Verein ist dankbar f\u00fcr diese Hilfe sowie f\u00fcr die gro\u00dfz\u00fcgige finanzielle Unterst\u00fctzung, die er von diesen und vielen weiteren Menschen erh\u00e4lt.<\/p>\n<p>&nbsp;<\/p>\n<h2>Den Vorstand von DISCOVER bilden:<\/h2>\n<table style=\"height: 222px; width: 677px; background-color: #ffffff; border-color: #ffffff;\">\n<tbody>\n<tr style=\"height: 226.55px;\">\n<td style=\"width: 190.367px; height: 226.55px; text-align: center;\"><img loading=\"lazy\" decoding=\"async\" class=\"\" src=\"https:\/\/discover-src.net\/de\/wp-content\/uploads\/2019\/05\/Keith-June-2018-2-2.jpg\" width=\"190\" height=\"252\" \/><\/td>\n<td style=\"width: 200.633px; height: 226.55px; text-align: center;\"><img decoding=\"async\" class=\"details-image\" draggable=\"false\" src=\"https:\/\/discover-src.net\/de\/wp-content\/uploads\/2019\/05\/Vorstand-Simone-3-e1559136348573.jpg\" alt=\"\" \/><\/td>\n<td style=\"width: 242px; height: 226.55px; vertical-align: top;\"><\/td>\n<\/tr>\n<tr style=\"height: 48px;\">\n<td style=\"width: 190.367px; text-align: center; height: 48px;\">Dr. Keith Lindsey<br \/>\nVorsitzender<\/td>\n<td style=\"width: 200.633px; text-align: center; height: 48px;\">Simone Huschka<br \/>\nSchriftf\u00fchrerin<\/td>\n<td style=\"width: 242px; text-align: center; height: 48px;\"><\/td>\n<\/tr>\n<\/tbody>\n<\/table>\n<p><strong>Dem Vorstand stehen folgende Experten beratend zur Seite:<br \/>\n<\/strong>Barbara Benz, Lucie Bradley, Dr. med. Simon Challand, Walter Erhardt, Hans-Herbert Frank, Sally Horattides, Dorothy Kidza-Zentler (Uganda), Jutta Krauss, Christian Mazur, Dr Ilse Preis, Kawira Siebenwirth (Kenia), Pamela Spence (Mitglied des National Institute of Medical Herbalists in GB), Martin Staiger, Christa Weeger and Emmanuel Zinsu (Ghana).<\/p>\n","protected":false},"excerpt":{"rendered":"<p>Organisationsstruktur DISCOVER ist ein gemeinn\u00fctziger Verein mit Sitz in Winnenden. Er wurde im M\u00e4rz 2014 gegr\u00fcndet und ist beim Amtsgericht Stuttgart eingetragen. Dr. Keith Lindsey, der Koordinator und 1. Vorsitzende von DISCOVER, verf\u00fcgt \u00fcber viel Erfahrung in der\u00a0 F\u00f6rderung Einzelner und Gruppen in Europa und Afrika. Er wird von Jutta Krauss im Kontakt mit den [&hellip;]<\/p>\n","protected":false},"author":1,"featured_media":0,"parent":0,"menu_order":5,"comment_status":"closed","ping_status":"closed","template":"","meta":{"ngg_post_thumbnail":0,"footnotes":""},"class_list":["post-38","page","type-page","status-publish","hentry"],"_links":{"self":[{"href":"https:\/\/discover-src.net\/de\/wp-json\/wp\/v2\/pages\/38","targetHints":{"allow":["GET"]}}],"collection":[{"href":"https:\/\/discover-src.net\/de\/wp-json\/wp\/v2\/pages"}],"about":[{"href":"https:\/\/discover-src.net\/de\/wp-json\/wp\/v2\/types\/page"}],"author":[{"embeddable":true,"href":"https:\/\/discover-src.net\/de\/wp-json\/wp\/v2\/users\/1"}],"replies":[{"embeddable":true,"href":"https:\/\/discover-src.net\/de\/wp-json\/wp\/v2\/comments?post=38"}],"version-history":[{"count":45,"href":"https:\/\/discover-src.net\/de\/wp-json\/wp\/v2\/pages\/38\/revisions"}],"predecessor-version":[{"id":1617,"href":"https:\/\/discover-src.net\/de\/wp-json\/wp\/v2\/pages\/38\/revisions\/1617"}],"wp:attachment":[{"href":"https:\/\/discover-src.net\/de\/wp-json\/wp\/v2\/media?parent=38"}],"curies":[{"name":"wp","href":"https:\/\/api.w.org\/{rel}","templated":true}]}}