{"id":36,"date":"2016-10-24T10:21:42","date_gmt":"2016-10-24T08:21:42","guid":{"rendered":"http:\/\/discover-src.satzbaustein.de\/?page_id=36"},"modified":"2026-03-30T00:42:37","modified_gmt":"2026-03-29T22:42:37","slug":"aktuelles","status":"publish","type":"page","link":"https:\/\/discover-src.net\/de\/aktuelles\/","title":{"rendered":"Aktuelles"},"content":{"rendered":"\n<h2 style=\"text-align: center;\">Der Verein Discover ist aufgel\u00f6st<\/h2>\n<p style=\"text-align: center;\"><a href=\"https:\/\/discover-src.net\/de\/wp-content\/uploads\/2026\/03\/2026-03-28-Winn-Zeitung-scaled.jpg\">Anklicken zum \u00d6ffnen<\/a><\/p>\n<h2 style=\"text-align: center;\">Abschlussfest und R\u00fcckblick<\/h2>\n<h5 style=\"text-align: left;\">Unser Abschlussfest am 21. M\u00e4rz 2026 mit dem R\u00fcckblick \u00fcber zw\u00f6lf Jahre Discover-Arbeit war gepr\u00e4gt von einerseits Stolz \u00fcber das Erreichte, andererseits auch etwas Wehmut dar\u00fcber, dass es zu Ende kommen muss. Der Vortrag und die Powerpoint von Keith sind f\u00fcr Interessierte hier:<\/h5>\n<h5 style=\"text-align: center;\"><a href=\"https:\/\/discover-src.net\/de\/wp-content\/uploads\/2026\/03\/2026_PPP_Abschlussfest_21.03.2026.pdf\" target=\"_blank\" rel=\"noopener\">Powerpoint Keith<\/a>&nbsp; &nbsp;<a href=\"https:\/\/discover-src.net\/de\/wp-content\/uploads\/2026\/03\/Abschluss_Fest_Ansprache.pdf\" target=\"_blank\" rel=\"noopener\">Vortrag Keith (R\u00fcckblick auf 12 fruchtbare Jahre)<\/a><\/h5>\n<p style=\"text-align: left;\">Wir sind sehr dankbar f\u00fcr die finanzielle Unterst\u00fctzung, die wir \u00fcber all die Jahre erhalten haben. Da Discover nach M\u00e4rz 2026 nicht mehr als gemeinn\u00fctzige Organisation existieren wird, bitten wir Sie, Ihre letzten Spenden bis Ende Februar 2026 zu t\u00e4tigen.<\/p>\n<p style=\"text-align: center;\"><a href=\"https:\/\/discover-src.net\/de\/wp-content\/uploads\/2026\/02\/Geschaeftsmitteilung.png\" target=\"_blank\" rel=\"noopener\">2026-02-13 Wichtige Gesch\u00e4ftsmitteilung<\/a> (Keine Spendenbescheinigung mehr)<\/p>\n\n\n\n<h3 style=\"text-align: center;\"><a href=\"https:\/\/www.dropbox.com\/scl\/fi\/5v1valzxkivbnxbrb7teq\/26-02-21-Manfred-und-Walter-Benefizkonzert-2.-Halfte-min.mp4?rlkey=rlp49ijox0kkyypga163lf866&amp;st=evznov4d&amp;dl=0\" target=\"_blank\" rel=\"noopener\">Benefizkonzert mit Manfred und Walter<\/a><\/h3>\n<p style=\"text-align: center;\">Das Benefizkonzert: ein intensiver und wundersch\u00f6ner Abend.<br \/>Und mit fast 1500 \u20ac an Spenden ein gro\u00dfartiger Erfolg.<br \/>F\u00fcr alle, die nicht dabei sein konnten, hier der Link zur Aufnahme:<\/p>\n<p style=\"text-align: center;\"><img decoding=\"async\" src=\"https:\/\/discover-src.net\/de\/wp-content\/uploads\/2025\/07\/Manfred-Walter-2.jpeg\" \/><\/p>\n<p><a href=\"https:\/\/discover-src.net\/de\/wp-content\/uploads\/2026\/02\/2026-02-Discover-Rundbrief-Februar.pdf\" target=\"_blank\" rel=\"noopener\">Hier<\/a> ist der Rundbrief vom Februar 2026<\/p>\n<p><strong><a href=\"https:\/\/discover-src.net\/de\/wp-content\/uploads\/2025\/09\/25-09-04-Blickpunkt-Sommerinterview-mit-dem-Verein-Discover-Winnenden-.pdf\" target=\"_blank\" rel=\"noopener\">Hier<\/a><\/strong> ist das Sommerinterview des Blickpunkts Winnenden mit Keith Lindsey und Walter Erhardt. Der Umweltbeauftragte der Stadt Winnenden, Herr Roland Rauleder, und die Redakteurin des Blickpunkts, Frau Franziska G\u00f6tz, stellten Fragen zur Entstehung, Geschichte und Schwerpunkten der Arbeit von Discover.<\/p>\n<p style=\"text-align: center;\"><a href=\"https:\/\/discover-src.net\/de\/wp-content\/uploads\/2025\/11\/25-11-12-Lions-Club-spendet-fuer-Discover.jpeg\" target=\"_blank\" rel=\"noopener\">25-11-12 Lions Club spendet f\u00fcr Discover (Winnender Zeitung)<\/a> (anklicken zum Lesen)<\/p>\n\n\n\n<h4 style=\"text-align: center;\">F\u00fcr Interessierte: Es gibt neue Berichte von Projekten von Discover. <br><a href=\"https:\/\/discover-src.net\/de\/presse\/\" target=\"_blank\" rel=\"noopener\">Hier<\/a> klicken(\u00f6ffnet die Seite: Discover im Spiegel der Presse).<\/h4>\n<p style=\"text-align: center;\"><a href=\"https:\/\/discover-src.net\/de\/wp-content\/uploads\/2025\/04\/2024-Jahresbericht.pdf\" target=\"_blank\" rel=\"noopener\">Hier<\/a> finden Sie den Jahresbericht 2024<\/p>\n<p style=\"text-align: center;\"><a href=\"https:\/\/discover-src.net\/de\/wp-content\/uploads\/2025\/07\/2025-07-Discover-Rundbrief-Juli.pdf\" target=\"_blank\" rel=\"noopener\">Hier<\/a> ist der aktuelle Rundbrief vom Juli 2025<\/p>\n\n\n\n\n\n\n\n<p style=\"text-align: center;\">Aufforderung zum Anmelden oder Registrieren auf der Dropbox-Seite einfach wegklicken!<\/p>\n<h3 style=\"text-align: center;\">&nbsp;<\/h3>\n<p style=\"text-align: center;\">Bericht \u00fcber Malaria Pr\u00e4ventions-Training mit Nat\u00fcrlicher Medizin<\/p>\n<p style=\"text-align: center;\"><a href=\"https:\/\/discover-src.net\/de\/wp-content\/uploads\/2024\/08\/Bericht-ueber-Malaria-Praeventions-Training-mit-Natuerlicher-Medizin-.pdf\" target=\"_blank\" rel=\"noopener\"><img decoding=\"async\" src=\"https:\/\/discover-src.net\/de\/wp-content\/uploads\/2024\/08\/Bericht-Malaria-Praevention-tile.jpg\"><\/a><\/p>\n<p style=\"text-align: center;\">Der Bericht vom 27. Juli 2024 ist <a href=\"https:\/\/discover-src.net\/de\/wp-content\/uploads\/2024\/08\/Bericht-ueber-Malaria-Praeventions-Training-mit-Natuerlicher-Medizin-.pdf\" target=\"_blank\" rel=\"noopener\">hier<\/a> bereit zum Lesen.<\/p>\n<p style=\"text-align: center;\">&nbsp;<\/p>\n\n\n\n<h3>&nbsp;<\/h3>\n<h3 style=\"text-align: center;\">Hier ist Keiths Jahresbericht 2023.<\/h3>\n<h2 style=\"text-align: center;\">Film zu Agroforstwirtschaft-Projekten <br>unserer PartnerInnen in Uganda<\/h2>\n\n\n<div class=\"wp-block-image\">\n<figure class=\"aligncenter size-full is-resized\"><a href=\"https:\/\/www.youtube.com\/watch?v=YeDtgpBZpXs\"><img loading=\"lazy\" decoding=\"async\" width=\"965\" height=\"470\" src=\"https:\/\/discover-src.net\/de\/wp-content\/uploads\/2024\/04\/Agroforstwirtschaftsprojekte-1.jpg\" alt=\"\" class=\"wp-image-3049\" style=\"width:571px;height:auto\" srcset=\"https:\/\/discover-src.net\/de\/wp-content\/uploads\/2024\/04\/Agroforstwirtschaftsprojekte-1.jpg 965w, https:\/\/discover-src.net\/de\/wp-content\/uploads\/2024\/04\/Agroforstwirtschaftsprojekte-1-300x146.jpg 300w, https:\/\/discover-src.net\/de\/wp-content\/uploads\/2024\/04\/Agroforstwirtschaftsprojekte-1-768x374.jpg 768w\" sizes=\"auto, (max-width: 965px) 100vw, 965px\" \/><\/a><\/figure><\/div>\n\n\n<p class=\"has-text-align-center\">In das Bild klicken, dann \u00f6ffnet sich der Film.<\/p>\n\n\n\n<p class=\"has-text-align-center has-medium-font-size\"><\/p>\n\n\n\n<h2 style=\"text-align: center;\">Green4Life O\u0308kofarm Projekt 2023<br>Bericht von Joachem Nyamande<\/h2>\n<p style=\"text-align: center;\"><a href=\"https:\/\/discover-src.net\/de\/wp-content\/uploads\/2024\/01\/BERICHT-GREEN4LIFE-OeKOFARM-PROJEKT-2023-.pdf\" target=\"_blank\" rel=\"noopener\">Hier<\/a> ist der Bericht<\/p>\n\n\n<p>Keiths Bericht von seiner Ugandareise<\/p>\n<p><a href=\"https:\/\/discover-src.net\/de\/wp-content\/uploads\/2023\/12\/Keiths-Ugandareise.jpg\" rel=\"https:\/\/discover-src.net\/de\/bericht-green4life-oekofarm-projekt-2023-tile\/\"><img loading=\"lazy\" decoding=\"async\" class=\"thumbnail aligncenter\" src=\"https:\/\/discover-src.net\/de\/wp-content\/uploads\/2023\/12\/Keiths-Ugandareise.jpg\" alt=\"\" width=\"674\" height=\"670\" \/><\/a><\/p>\n<p style=\"text-align: center;\"><a href=\"https:\/\/discover-src.net\/de\/wp-content\/uploads\/2023\/12\/Bericht-ueber-meinen-Besuch-in-Uganda-final-.pdf\" target=\"_blank\" rel=\"noopener\">Hier<\/a> ist Keiths Bericht: 32 Seiten voller Fotos und<br \/>Eindr\u00fccke von der Arbeit unserer PartnerInnen.<br \/>(Klick auf Hier \u00f6ffnet den Bericht)<\/p>\n<h2 style=\"text-align: center;\"><a href=\"https:\/\/www.youtube.com\/watch?v=wk7DLM5BulI\" target=\"_blank\" rel=\"noopener\">Planting trees in Africa<\/a><\/h2>\n<h4 style=\"text-align: left;\"><a href=\"https:\/\/www.youtube.com\/watch?v=wk7DLM5BulI\" target=\"_blank\" rel=\"noopener\">Hier<\/a> k\u00f6nnen Sie das neue Video ansehen, in dem einige Discover-PartnerInnen \u00fcber ihre Arbeit beim Pflanzen und Pflegen der B\u00e4ume sprechen. Es ist ein beeindruckendes Dokument ihrer Arbeit.<\/h4>\n<p style=\"text-align: left;\">Und hier sind ganz aktuelle Interviews von Keith mit PartnerInnen in Uganda (alle in englischer Sprache).<\/p>\n<div style=\"width: 640px;\" class=\"wp-video\"><!--[if lt IE 9]><script>document.createElement('video');<\/script><![endif]-->\n<video class=\"wp-video-shortcode\" id=\"video-36-1\" width=\"640\" height=\"360\" preload=\"metadata\" controls=\"controls\"><source type=\"video\/mp4\" src=\"https:\/\/discover-src.net\/de\/wp-content\/uploads\/2023\/09\/VID-20230927-WA0004-.mp4?_=1\" \/><a href=\"https:\/\/discover-src.net\/de\/wp-content\/uploads\/2023\/09\/VID-20230927-WA0004-.mp4\">https:\/\/discover-src.net\/de\/wp-content\/uploads\/2023\/09\/VID-20230927-WA0004-.mp4<\/a><\/video><\/div>\n<h4 style=\"text-align: center;\"><a href=\"https:\/\/discover-src.net\/de\/wp-content\/uploads\/2023\/10\/VID-20230927-WA0000-.mp4\" target=\"_blank\" rel=\"noopener\">Schulkinder singen<\/a><\/h4>\n<h4 style=\"text-align: center;\"><a href=\"https:\/\/discover-src.net\/de\/wp-content\/uploads\/2023\/09\/VID-20230925-WA0000-.mp4\" target=\"_blank\" rel=\"noopener\">Interview mit William<\/a><\/h4>\n<h4 style=\"text-align: center;\"><a href=\"https:\/\/discover-src.net\/de\/wp-content\/uploads\/2023\/09\/VID-20230930-Rehema-.mp4\" target=\"_blank\" rel=\"noopener\">Interview mit Rehema<\/a><\/h4>\n<h4 style=\"text-align: center;\"><a href=\"https:\/\/discover-src.net\/de\/wp-content\/uploads\/2023\/10\/VID-20231002-WA0000-.mp4\" target=\"_blank\" rel=\"noopener\">Interview mit Robert<\/a><\/h4>\n<h4 style=\"text-align: center;\"><a href=\"https:\/\/discover-src.net\/de\/wp-content\/uploads\/2023\/10\/VID-20231001-WA0003-.mp4\" target=\"_blank\" rel=\"noopener\">Interview mit Mr. Peter 1<\/a>\u00a0\u00a0\u00a0\u00a0\u00a0 <a href=\"https:\/\/discover-src.net\/de\/wp-content\/uploads\/2023\/10\/VID-20231001-WA0004-.mp4\" target=\"_blank\" rel=\"noopener\">Interview mit Mr. Peter 2<\/a><\/h4>\n<h4 style=\"text-align: center;\"><a href=\"https:\/\/discover-src.net\/de\/wp-content\/uploads\/2023\/10\/VID-20231002-WA0001-1-1.mp4\" target=\"_blank\" rel=\"noopener\">Interview mit Emmanuel<\/a><\/h4>\n<h4><a href=\"https:\/\/discover-src.net\/de\/wp-content\/uploads\/2023\/08\/23-08-17-Agroforstwirtschaft-BlickpunktFoto-1.pdf\" target=\"_blank\" rel=\"noopener\">Hier<\/a> finden Sie den neuen Artikel zu Agroforstwirtschaft (Blickpunkt Winnenden 17.8.23<\/h4>\n<h2 style=\"text-align: center;\">Mitgliederversammlung am 24.6.23,<br \/>um 15 Uhr in der Alten Kelter Winnenden<\/h2>\n<p style=\"text-align: center;\"><a href=\"https:\/\/discover-src.net\/de\/wp-content\/uploads\/2023\/06\/2023-06-07-Blickpunkt-MGV.jpg\" target=\"_blank\" rel=\"noopener\"><img loading=\"lazy\" decoding=\"async\" class=\"aligncenter\" src=\"https:\/\/discover-src.net\/de\/wp-content\/uploads\/2023\/06\/2023-06-07-Blickpunkt-MGV.jpg\" alt=\"\" width=\"1832\" height=\"1207\" \/><\/a><a href=\"https:\/\/discover-src.net\/de\/wp-content\/uploads\/2023\/06\/2023-06-07-Blickpunkt-MGV.jpg\" target=\"_blank\" rel=\"noopener\">Hier<\/a> klicken zum Vergr\u00f6\u00dfern<\/p>\n<h2 style=\"text-align: center;\">Internationaler Tag des Waldes, 21. M\u00e4rz, 2023<\/h2>\n<p style=\"text-align: center;\">Neue aktuelle Berichte die zeigen, wie unsere PartnerInnen mit Pflanzaktionen und Schulungen in Kooperation mit Schulen, Kirchen und Politik nachhaltige Baumpflanzungen anlegen und deren Pflege sichern.<\/p>\n<p style=\"text-align: center;\"><a href=\"https:\/\/discover-src.net\/de\/wp-content\/uploads\/2023\/05\/Internationaler-Tag-des-Waldes-am-21.-Maerz-1-1.pdf\" target=\"_blank\" rel=\"noopener\"><img loading=\"lazy\" decoding=\"async\" class=\"aligncenter\" src=\"https:\/\/discover-src.net\/de\/wp-content\/uploads\/2023\/04\/Internationaler-Tag-des-Waldes-am-21.-Maerz-tile-.jpg\" alt=\"\" width=\"180\" height=\"170\" \/><\/a>(Anklicken zum \u00d6ffnen)<\/p>\n<h2 style=\"text-align: center;\">Wie Bauern ihre Nahrung sch\u00fctzen<\/h2>\n<p style=\"text-align: center;\"><a href=\"https:\/\/discover-src.net\/de\/wp-content\/uploads\/2023\/03\/23-03-21-winnender-zeitung.pdf\" target=\"_blank\" rel=\"noopener\">Artikel in der Winnender Zeitung 21.3.23<\/a><\/p>\n<p><a href=\"https:\/\/discover-src.net\/de\/wp-content\/uploads\/2023\/03\/23-03-21-winnender-zeitung.pdf\" target=\"_blank\" rel=\"noopener\"><img loading=\"lazy\" decoding=\"async\" class=\"aligncenter\" src=\"https:\/\/discover-src.net\/de\/wp-content\/uploads\/2023\/03\/winnender-zeitung-21-03-2023icon.jpg\" alt=\"https:\/\/discover-src.net\/de\/wp-content\/uploads\/2023\/03\/winnender-zeitung-21-03-2023icon.jpg\" width=\"211\" height=\"180\" \/><\/a><\/p>\n<p style=\"text-align: center;\"><a href=\"https:\/\/discover-src.net\/de\/wp-content\/uploads\/2023\/03\/23-03-21-winnender-zeitung.pdf\" target=\"_blank\" rel=\"noopener\">(Linksklick zum \u00d6ffnen)<\/a><\/p>\n<p>Seite aktualisiert am: 30.03.26<\/p>\n\n","protected":false},"excerpt":{"rendered":"<p>Der Verein Discover ist aufgel\u00f6st Anklicken zum \u00d6ffnen Abschlussfest und R\u00fcckblick Unser Abschlussfest am 21. M\u00e4rz 2026 mit dem R\u00fcckblick \u00fcber zw\u00f6lf Jahre Discover-Arbeit war gepr\u00e4gt von einerseits Stolz \u00fcber das Erreichte, andererseits auch etwas Wehmut dar\u00fcber, dass es zu Ende kommen muss. Der Vortrag und die Powerpoint von Keith sind f\u00fcr Interessierte hier: Powerpoint [&hellip;]<\/p>\n","protected":false},"author":1,"featured_media":0,"parent":0,"menu_order":4,"comment_status":"closed","ping_status":"closed","template":"","meta":{"ngg_post_thumbnail":0,"footnotes":""},"class_list":["post-36","page","type-page","status-publish","hentry"],"_links":{"self":[{"href":"https:\/\/discover-src.net\/de\/wp-json\/wp\/v2\/pages\/36","targetHints":{"allow":["GET"]}}],"collection":[{"href":"https:\/\/discover-src.net\/de\/wp-json\/wp\/v2\/pages"}],"about":[{"href":"https:\/\/discover-src.net\/de\/wp-json\/wp\/v2\/types\/page"}],"author":[{"embeddable":true,"href":"https:\/\/discover-src.net\/de\/wp-json\/wp\/v2\/users\/1"}],"replies":[{"embeddable":true,"href":"https:\/\/discover-src.net\/de\/wp-json\/wp\/v2\/comments?post=36"}],"version-history":[{"count":1082,"href":"https:\/\/discover-src.net\/de\/wp-json\/wp\/v2\/pages\/36\/revisions"}],"predecessor-version":[{"id":3417,"href":"https:\/\/discover-src.net\/de\/wp-json\/wp\/v2\/pages\/36\/revisions\/3417"}],"wp:attachment":[{"href":"https:\/\/discover-src.net\/de\/wp-json\/wp\/v2\/media?parent=36"}],"curies":[{"name":"wp","href":"https:\/\/api.w.org\/{rel}","templated":true}]}}