{"id":319,"date":"2016-12-19T12:17:11","date_gmt":"2016-12-19T11:17:11","guid":{"rendered":"http:\/\/discover-src.satzbaustein.de\/de\/?page_id=319"},"modified":"2025-08-01T14:14:14","modified_gmt":"2025-08-01T12:14:14","slug":"aus-afrika","status":"publish","type":"page","link":"https:\/\/discover-src.net\/de\/informationen\/aus-afrika\/","title":{"rendered":"Rundbriefe f\u00fcr Partner in Afrika"},"content":{"rendered":"<h1><strong>Rundbriefe f\u00fcr unsere Partner in Afrika<\/strong><\/h1>\n<p>Mehrmals im Jahr verfasst Discover Rundbriefe f\u00fcr unsere PartnerInnen in Afrika, mit denen wir ihnen praktische Tipps und Hinweise f\u00fcr ihre Arbeit geben.<br \/>\nIn einigen der Rundbriefe wird auf Links zu <strong><em>Info-Bl\u00e4ttern<\/em><\/strong> verwiesen. Siehe Rubrik \u201e<a href=\"http:\/\/discover-src.net\/de\/informationen\/info-blaetter\/\">Info-Bl\u00e4tter<\/a>\u201c.<br \/>\nAlle <strong><em>Rundbriefe<\/em><\/strong> sind in leicht verst\u00e4ndlichem Englisch verfasst.<br \/>\nHier ist die komplette \u00dcbersicht zum Lesen und Herunterladen. Qlle Texte sind in englischer Sprache.<\/p>\n<div class=\"wp-block-columns is-layout-flex wp-container-core-columns-is-layout-1 wp-block-columns-is-layout-flex\">\n<div class=\"wp-block-column is-layout-flow wp-block-column-is-layout-flow\">\n<p><a href=\"https:\/\/discover-src.net\/en\/wp-content\/uploads\/2025\/07\/2025-07-July-Newsletter.pdf\">July 2025<\/a><br \/>\n<a href=\"https:\/\/discover-src.net\/en\/wp-content\/uploads\/2025\/04\/2025-04-April-Newsletter.pdf\" target=\"_blank\" rel=\"noreferrer noopener\">April 2025<\/a><br \/>\n<a href=\"https:\/\/discover-src.net\/en\/wp-content\/uploads\/2025\/04\/2025-03-March-Newsletter.pdf\" target=\"_blank\" rel=\"noreferrer noopener\">March 2025<\/a><br \/>\n<a href=\"https:\/\/discover-src.net\/en\/wp-content\/uploads\/2024\/10\/2024-10-October-Newsletter.pdf\">October 2024<\/a><br \/>\n<a href=\"https:\/\/discover-src.net\/en\/wp-content\/uploads\/2024\/06\/2024-06-June-Newsletter.pdf\">June 2024<\/a><br \/>\n<a href=\"https:\/\/discover-src.net\/en\/wp-content\/uploads\/2024\/03\/2024-03-March-Newsletter-2.pdf\">March 2024 2<\/a><br \/>\n<a href=\"https:\/\/discover-src.net\/en\/wp-content\/uploads\/2024\/03\/2024-03-March-Newsletter.pdf\">March 2024<\/a><br \/>\n<a href=\"https:\/\/discover-src.net\/en\/wp-content\/uploads\/2024\/02\/2024-02-February-Newsletter.pdf\" target=\"_blank\" rel=\"noreferrer noopener\">February 2024<\/a><br \/>\n<a href=\"https:\/\/discover-src.net\/en\/wp-content\/uploads\/2024\/02\/2023-12-December-Newsletter.pdf\" target=\"_blank\" rel=\"noreferrer noopener\">December 2023<\/a><br \/>\n<a href=\"https:\/\/discover-src.net\/en\/wp-content\/uploads\/2024\/02\/2023-11-November-Newsletter.pdf\" target=\"_blank\" rel=\"noreferrer noopener\">November 2023<\/a><br \/>\n<a href=\"https:\/\/discover-src.net\/en\/wp-content\/uploads\/2023\/05\/2023-05-May-Newsletter.pdf\" target=\"_blank\" rel=\"noreferrer noopener\">May 2023<\/a><br \/>\n<a href=\"https:\/\/discover-src.net\/en\/wp-content\/uploads\/2023\/05\/2023-03-March-Newsletter.pdf\" target=\"_blank\" rel=\"noreferrer noopener\">March 2023<\/a><br \/>\n<a href=\"https:\/\/discover-src.net\/en\/2023-02-february-newsletter-invitations\/\" target=\"_blank\" rel=\"noreferrer noopener\">February 2023<\/a><br \/>\n<a href=\"https:\/\/discover-src.net\/en\/wp-content\/uploads\/2022\/12\/2022-12-December-Newsletter-Zimbabwe-and-Malawi.pdf\" target=\"_blank\" rel=\"noreferrer noopener\">December 2022<\/a><br \/>\n<a href=\"https:\/\/discover-src.net\/en\/wp-content\/uploads\/2022\/12\/2022-8-August-Newsletter-FMNR.pdf\" target=\"_blank\" rel=\"noreferrer noopener\">August 2022<\/a><br \/>\n<a href=\"https:\/\/discover-src.net\/en\/wp-content\/uploads\/2022\/06\/2022-6-June-Newsletter-Part-2-How-can-we-overcome-the-hurricane-of-hunger.pdf\" target=\"_blank\" rel=\"noreferrer noopener\">June 2022<\/a><br \/>\n<a href=\"https:\/\/discover-src.net\/en\/wp-content\/uploads\/2022\/06\/2022-6-June-Newsletter-Part-1-Food-security-when-prices-are-sky-high.pdf\" target=\"_blank\" rel=\"noreferrer noopener\">June 2022<\/a><br \/>\n<a href=\"https:\/\/discover-src.net\/en\/wp-content\/uploads\/2022\/05\/2022-5-May-Newsletter-Agroforestry-II.pdf\" target=\"_blank\" rel=\"noreferrer noopener\">May 2022<\/a><br \/>\n<a href=\"https:\/\/discover-src.net\/en\/wp-content\/uploads\/2022\/04\/2022-4-April-Newsletter-Agroforestry.pdf\" target=\"_blank\" rel=\"noreferrer noopener\">April 2022<\/a><br \/>\n<a href=\"https:\/\/discover-src.net\/en\/wp-content\/uploads\/2022\/03\/2022-3-March-Newsletter-Africa.pdf\" target=\"_blank\" rel=\"noreferrer noopener\">March 2022<\/a><br \/>\n<a href=\"https:\/\/discover-src.net\/en\/wp-content\/uploads\/2022\/03\/2022-2-Febuary-Newsletter-Africa.pdf\" target=\"_blank\" rel=\"noreferrer noopener\">February 2022<\/a><br \/>\n<a href=\"https:\/\/discover-src.net\/en\/wp-content\/uploads\/2022\/03\/2022-1-Newsletter-January-Africa.pdf\" target=\"_blank\" rel=\"noreferrer noopener\">January 2022<\/a><br \/>\n<a href=\"https:\/\/discover-src.net\/en\/wp-content\/uploads\/2021\/12\/2021-12-December-Newsletter-Africa.pdf\" target=\"_blank\" rel=\"noreferrer noopener\">Christmas 2021<\/a><br \/>\n<a href=\"https:\/\/discover-src.net\/en\/wp-content\/uploads\/2021\/11\/2021-11-November-Newsletter-Africa.pdf\" target=\"_blank\" rel=\"noreferrer noopener\">November 2021<\/a><br \/>\n<a href=\"https:\/\/discover-src.net\/en\/wp-content\/uploads\/2021\/09\/2021-9-September-Newsletter-Africa.pdf\" target=\"_blank\" rel=\"noreferrer noopener\">September 2021<\/a><br \/>\n<a href=\"https:\/\/discover-src.net\/en\/wp-content\/uploads\/2021\/08\/2021-8-August-Newsletter-Africa.pdf\" target=\"_blank\" rel=\"noreferrer noopener\">August 2021<\/a><br \/>\n<a href=\"https:\/\/discover-src.net\/en\/wp-content\/uploads\/2021\/05\/2021-5-May-Newsletter-Africa.pdf\">May 2021<\/a><br \/>\n<a href=\"https:\/\/discover-src.net\/en\/wp-content\/uploads\/2021\/04\/2021-4-April-Newsletter-Africa.pdf\" target=\"_blank\" rel=\"noreferrer noopener\">April 2021<\/a><br \/>\n<a href=\"https:\/\/discover-src.net\/en\/wp-content\/uploads\/2021\/03\/2021-4-Easter-newsletter.pdf\">Easter 2021<\/a><br \/>\n<a href=\"https:\/\/discover-src.net\/en\/wp-content\/uploads\/2021\/03\/2021-3-March-Newsletter-Africa.pdf\" target=\"_blank\" rel=\"noreferrer noopener\">March 2021<\/a><br \/>\n<a href=\"https:\/\/discover-src.net\/en\/wp-content\/uploads\/2021\/03\/2021-2-February-Newsletter-Africa.pdf\" target=\"_blank\" rel=\"noreferrer noopener\">February 2021<\/a><br \/>\n<a href=\"https:\/\/discover-src.net\/en\/wp-content\/uploads\/2021\/01\/2021-1-January-Newsletter-Africa.pdf\" target=\"_blank\" rel=\"noreferrer noopener\">January 2021<\/a><br \/>\n<a href=\"https:\/\/discover-src.net\/en\/wp-content\/uploads\/2020\/11\/2020-11-November-Newsletter-Africa.pdf\" target=\"_blank\" rel=\"noreferrer noopener\">November 2020<\/a><br \/>\n<a href=\"https:\/\/discover-src.net\/en\/wp-content\/uploads\/2020\/11\/2020-09-September-Newsletter-Africa.pdf\" target=\"_blank\" rel=\"noreferrer noopener\">September 2020<\/a><br \/>\n<a href=\"https:\/\/discover-src.net\/en\/wp-content\/uploads\/2020\/08\/2020-08-August-Newsletter-Africa.pdf\" target=\"_blank\" rel=\"noreferrer noopener\">August 2020<\/a><br \/>\n<a href=\"https:\/\/discover-src.net\/en\/wp-content\/uploads\/2020\/07\/2020-07-July-Newsletter-Africa.pdf\" target=\"_blank\" rel=\"noreferrer noopener\">July 2020<\/a><br \/>\n<a href=\"https:\/\/discover-src.net\/en\/wp-content\/uploads\/2020\/06\/2020-06-June-Newsletter-Africa.pdf\" target=\"_blank\" rel=\"noreferrer noopener\">June 2020<br \/>\n<\/a><a href=\"https:\/\/discover-src.net\/en\/wp-content\/uploads\/2020\/04\/20-04-23-Blickpunkt-Winnenden-.jpg\" target=\"_blank\" rel=\"noreferrer noopener\">April 2020<br \/>\n<\/a><a href=\"https:\/\/discover-src.net\/en\/wp-content\/uploads\/2020\/04\/20-04-23-Press-article.jpg\" target=\"_blank\" rel=\"noreferrer noopener\">April 2020<br \/>\n<\/a><a href=\"https:\/\/discover-src.net\/de\/wp-content\/uploads\/2020\/04\/2020-04-April-Newsletter-Africa.pdf\" target=\"_blank\" rel=\"noreferrer noopener\">April 2020<\/a><br \/>\n<a href=\"https:\/\/discover-src.net\/en\/wp-content\/uploads\/2020\/02\/2020-02-February-Newsletter-Africa-1.pdf\" target=\"_blank\" rel=\"noreferrer noopener\">February 2020<\/a><br \/>\n<a href=\"https:\/\/discover-src.net\/en\/wp-content\/uploads\/2020\/01\/2020-01-January-Newsletter-Africa-1.pdf\" target=\"_blank\" rel=\"noreferrer noopener\">January 2020<\/a><br \/>\n<a href=\"https:\/\/discover-src.net\/en\/wp-content\/uploads\/2019\/12\/2019-08-Christmas-Newsletter-Africa.pdf\" target=\"_blank\" rel=\"noreferrer noopener\">December 2019<\/a><br \/>\n<a href=\"https:\/\/discover-src.net\/en\/wp-content\/uploads\/2019\/09\/2019-07-September-Newsletter-Africa-Climate-crisis.pdf\" target=\"_blank\" rel=\"noreferrer noopener\">September 2019<\/a><br \/>\n<a href=\"https:\/\/discover-src.net\/en\/wp-content\/uploads\/2019\/08\/2019-06-August-Newsletter-Africa-Jack-bean.pdf\" target=\"_blank\" rel=\"noreferrer noopener\">August 2019<\/a><br \/>\n<a href=\"https:\/\/discover-src.net\/en\/wp-content\/uploads\/2019\/07\/2019-04-July-Newsletter-Africa-Trees.pdf\" target=\"_blank\" rel=\"noreferrer noopener\">July 2019<\/a><br \/>\n<a href=\"https:\/\/discover-src.net\/en\/wp-content\/uploads\/2019\/05\/2019-03-May-Newsletter-Africa.pdf\" target=\"_blank\" rel=\"noreferrer noopener\">May 2019<\/a><br \/>\n<a href=\"http:\/\/discover-src.net\/en\/wp-content\/uploads\/2019\/04\/2019-02-April-Newsletter-Africa.pdf\" target=\"_blank\" rel=\"noreferrer noopener\">April 2019<\/a><br \/>\n<a href=\"http:\/\/discover-src.net\/en\/wp-content\/uploads\/2019\/03\/2019-01-March-Newsletter-Africa.pdf\" target=\"_blank\" rel=\"noreferrer noopener\">March 2019<\/a><br \/>\n<a href=\"http:\/\/discover-src.net\/en\/wp-content\/uploads\/2019\/03\/2019-01-March-Newsletter-Africa.pdf\" target=\"_blank\" rel=\"noreferrer noopener\">December 2018<\/a><br \/>\n<a href=\"http:\/\/discover-src.net\/en\/wp-content\/uploads\/2018\/12\/2018-08-October-Newsletter-Africa.pdf\" target=\"_blank\" rel=\"noreferrer noopener\">October 2018<\/a><br \/>\n<a href=\"http:\/\/discover-src.net\/en\/wp-content\/uploads\/2018\/09\/2018-07-September-Newsletter-Africa.pdf\" target=\"_blank\" rel=\"noreferrer noopener\">September 2018<\/a><br \/>\n<a href=\"http:\/\/discover-src.net\/en\/wp-content\/uploads\/2018\/08\/2018-06-August-Newsletter-Africa.pdf\" target=\"_blank\" rel=\"noreferrer noopener\">August 2018<br \/>\n<\/a><a href=\"http:\/\/discover-src.net\/en\/wp-content\/uploads\/2018\/06\/2018-05-June-2-Newsletter-Africa.pdf\" target=\"_blank\" rel=\"noreferrer noopener\">June 2 2018<br \/>\n<\/a><a href=\"http:\/\/discover-src.net\/en\/wp-content\/uploads\/2018\/06\/2018-04-June-Newsletter-Africa.pdf\" target=\"_blank\" rel=\"noreferrer noopener\">June 2018<br \/>\n<\/a><a href=\"http:\/\/discover-src.net\/en\/wp-content\/uploads\/2018\/06\/2018-03-May-Newsletter-Africa.pdf\" target=\"_blank\" rel=\"noreferrer noopener\">May 2018<br \/>\n<\/a><a href=\"http:\/\/discover-src.net\/en\/wp-content\/uploads\/2018\/03\/2018-02-March-Newsletter-Africa.pdf\" target=\"_blank\" rel=\"noreferrer noopener\">March 2018<br \/>\n<\/a><a href=\"http:\/\/discover-src.net\/en\/wp-content\/uploads\/2018\/01\/2018-01-Newsletter-Africa.pdf\" target=\"_blank\" rel=\"noreferrer noopener\">January 2018<\/a><br \/>\n<a href=\"http:\/\/discover-src.net\/en\/wp-content\/uploads\/2017\/12\/2017-09-Newsletter-Africa-Nutrition.pdf\" target=\"_blank\" rel=\"noreferrer noopener\">December 2017<\/a><br \/>\n<a href=\"http:\/\/discover-src.net\/en\/wp-content\/uploads\/2017\/10\/2017-08-Newsletter-Africa-Typhoid.pdf\" target=\"_blank\" rel=\"noreferrer noopener\">October 2017<\/a><br \/>\n<a href=\"http:\/\/discover-src.net\/en\/wp-content\/uploads\/2017\/10\/2017-07-Newsletter-Africa-Coping-with-drought-3.-Zai-holes.pdf\" target=\"_blank\" rel=\"noreferrer noopener\">September 2017<br \/>\n<\/a><a href=\"http:\/\/discover-src.net\/en\/wp-content\/uploads\/2017\/06\/2017-06-Newsletter-Africa-Coping-with-drought-2.-resistant-crops-and-cropping.pdf\">June 2017<br \/>\n<\/a><a href=\"http:\/\/discover-src.net\/en\/wp-content\/uploads\/2018\/07\/2017-05-Newsletter-Africa-Coping-with-drought-1.-Plant-trees.pdf\" target=\"_blank\" rel=\"noreferrer noopener\">May 2017 II<br \/>\n<\/a><a href=\"http:\/\/discover-src.net\/en\/wp-content\/uploads\/2017\/05\/2017-04-Newsletter-Africa-Work-with-schools.pdf\" target=\"_blank\" rel=\"noreferrer noopener\">May 2017<\/a><br \/>\n<a href=\"http:\/\/discover-src.net\/en\/wp-content\/uploads\/2017\/06\/2017-03-Newsletter-Africa-Packaging.pdf\">March 2017<br \/>\n<\/a><a href=\"http:\/\/discover-src.net\/en\/wp-content\/uploads\/2018\/07\/2017-02-Newsletter-Africa-Arthritis.pdf\" target=\"_blank\" rel=\"noreferrer noopener\">February 2017<\/a><br \/>\n<a href=\"http:\/\/discover-src.net\/en\/wp-content\/uploads\/2018\/07\/2017-01-Newsletter-Africa-NCDs.pdf\" target=\"_blank\" rel=\"noreferrer noopener\">January 2017<\/a><br \/>\n<a href=\"http:\/\/discover-src.net\/en\/wp-content\/uploads\/2018\/07\/2016-6-Newsletters-Africa-Family-Planning.pdf\" target=\"_blank\" rel=\"noreferrer noopener\">December 2016<br \/>\n<\/a><a href=\"http:\/\/discover-src.net\/en\/wp-content\/uploads\/2018\/07\/2016-5-Newsletter-Africa-Training-Follow-up-2.pdf\" target=\"_blank\" rel=\"noreferrer noopener\">October 2016<\/a><br \/>\n<a href=\"http:\/\/discover-src.net\/en\/wp-content\/uploads\/2018\/07\/2016-4-Newsletter-Africa-Training-Follow-up.pdf\" target=\"_blank\" rel=\"noreferrer noopener\">August 2016<\/a><br \/>\n<a href=\"http:\/\/discover-src.net\/en\/wp-content\/uploads\/2018\/07\/2016-3-Newsletter-Africa-Making-Peace-II.pdf\" target=\"_blank\" rel=\"noreferrer noopener\">April 2016<\/a><br \/>\n<a href=\"http:\/\/discover-src.net\/en\/wp-content\/uploads\/2018\/07\/2016-2-Newsletter-Africa-Making-Peace-1.pdf\" target=\"_blank\" rel=\"noreferrer noopener\">March 2016<\/a><br \/>\n<a href=\"http:\/\/discover-src.net\/en\/wp-content\/uploads\/2018\/07\/2016-1-Newsletter-Africa-Artemisia-afra-and-Centella-asiatica.pdf\" target=\"_blank\" rel=\"noreferrer noopener\">February 2016<\/a><br \/>\n<a href=\"http:\/\/discover-src.net\/en\/wp-content\/uploads\/2016\/12\/2015-8-December-Christmas-greeting.pdf\">December 2015<\/a><br \/>\n<a href=\"http:\/\/discover-src.net\/en\/wp-content\/uploads\/2016\/12\/2015-7-November-Trainers-Newsletter.pdf\" target=\"_blank\" rel=\"noreferrer noopener\">November 2015<\/a><br \/>\n<a href=\"http:\/\/discover-src.net\/en\/wp-content\/uploads\/2017\/10\/2015-6-August-2-Trainers-Newsletter.pdf\">August 2015<\/a>2<br \/>\n<a href=\"http:\/\/discover-src.net\/en\/wp-content\/uploads\/2018\/07\/2015-5-August-Trainers-Newsletter-1.pdf\" target=\"_blank\" rel=\"noreferrer noopener\">August 2015<\/a> 1<br \/>\n<a href=\"http:\/\/discover-src.net\/en\/wp-content\/uploads\/2016\/12\/2015-4-How-to-increase-the-amount-of-money-in-the-community.pdf\" target=\"_blank\" rel=\"noreferrer noopener\">July 2015<br \/>\n<\/a><a href=\"http:\/\/discover-src.net\/en\/wp-content\/uploads\/2018\/07\/2015-3-June-Email-to-trainers.pdf\" target=\"_blank\" rel=\"noreferrer noopener\">June 2015<\/a><br \/>\n<a href=\"http:\/\/discover-src.net\/en\/wp-content\/uploads\/2016\/12\/2015-April-Trainers-Newsletter.pdf\" target=\"_blank\" rel=\"noreferrer noopener\">April 2015<\/a><br \/>\n<a href=\"http:\/\/discover-src.net\/en\/wp-content\/uploads\/2016\/12\/2015-January-Newsletter-Soil-seeds-and-farming.pdf\" target=\"_blank\" rel=\"noreferrer noopener\">January 2015<\/a><br \/>\n<a href=\"http:\/\/discover-src.net\/en\/wp-content\/uploads\/2016\/12\/2014-December-trainers-newsletter.pdf\">December 2014<br \/>\n<\/a><a href=\"http:\/\/discover-src.net\/en\/wp-content\/uploads\/2016\/12\/2014-March-trainers-newsletter.pdf\">March 2014<\/a><\/p>\n<\/div>\n<div class=\"wp-block-column is-layout-flow wp-block-column-is-layout-flow\">\n<p>Create a Tree Nursery<br \/>\nInternational Day of the Forest 2<br \/>\nInternational Day of the Forest 1<br \/>\nUnexpected Benefits of Growing Trees<br \/>\nFireless cookers save trees!<br \/>\nHere\u2019s how to make school gardens sustainable!<br \/>\nCan school gardens be made sustainable?<br \/>\nHow to reduce the rate of population increase<br \/>\nIs Uganda on the road to self-reliance or self-&#8230;<br \/>\nUganda visit, 14 September to 5 October 2023<br \/>\nInternational day of the Forest<br \/>\nAgroforestry<br \/>\nInvitations to online event and International Day&#8230;<br \/>\nZimbabwe and Malawi<br \/>\nFarmer Managed Natural Regeneration<br \/>\nPart 2: How can we overcome the \u201eHurricane of&#8230;<br \/>\nPart 1: Food security when prices are sky-high<br \/>\nAgroforestry II<br \/>\nAgroforestry<br \/>\nUkraine<br \/>\nWomen\u2019s Empowerment helps us all<br \/>\nFood security \u2013 more notes<br \/>\nWhat does Christmas mean for you and your &#8230;<br \/>\nMoringa leaves for nutrition, health, agriculture, &#8230;<br \/>\nPreventing hunger<br \/>\nCoping with COVID<br \/>\nPlanetary Survival<br \/>\nCan we end all forms of violence against women\u2026<br \/>\nAn Easter message and greeting<br \/>\nChallenges of Modern Life<br \/>\nCOVID-19 \u2013 facts and recommendations<br \/>\nWater conservation<br \/>\nTrees \u2013 agroforestry and conservation<br \/>\nFood security II<br \/>\nFood security<br \/>\nSex and gender: challenges and \u2026<br \/>\nMaking sense of crises in the light of our faith<br \/>\n20-04-23 News article in Blickpunkt Winnenden<br \/>\nCries for Help from Uganda (translated from \u2026<br \/>\nSurviving the corona virus<br \/>\nThe coronavirus \u2013 Be prepared!<br \/>\nThe climate crisis in Africa \u2013 Preventing \u2026<br \/>\nDiscover Uganda conference and Christmas<br \/>\nThe climate crisis in Africa \u2013 what can we do?<em><br \/>\nCanavalia ensiformis<\/em> or Jack Bean<br \/>\nLet each person plant ten trees every year!<br \/>\nEnabling and Empowering<br \/>\nTraining seminar meals<br \/>\nNews from Discover partners in Uganda<br \/>\nVisit to Uganda: Work in schools<br \/>\nUse locally available resources: Plastic<br \/>\nCritical thinking 2<br \/>\nUse locally available resources 1: Your \u2026<br \/>\nCoping with Drought: Suggestions and Ideas<br \/>\nMedicinal Plants info \u2013 electronically<br \/>\n<em>Artemisia annua<\/em>, Malaria and HIV<br \/>\nCommunity transformation through networking<br \/>\nAIDS free, productive and empowered \u2026<br \/>\nNutrition<br \/>\nTyphoid \u2013 a story from Kasese, Uganda<br \/>\nCoping with drought 3: Zai holes<br \/>\nCoping with drought 2: Conserve water and \u2026<br \/>\nCoping with drought 1: Plant trees<br \/>\nWork with schools<br \/>\nPackaging<br \/>\nArthritis<br \/>\nAvoidable Lifestyle Diseases<br \/>\nFamily Planning<br \/>\nTraining follow-up 2<br \/>\nTraining follow-up<br \/>\nMaking Peace II<br \/>\nMaking Peace I<br \/>\nNews about Artemisia afra and Centella asiatica<br \/>\nChristmas greeting<br \/>\nFuel-efficient stoves and Grain Amaranth<br \/>\nTable Banking<br \/>\nIncome generation<br \/>\nHow to increase the community finances<br \/>\nProbiotic health tincture and African sayings<br \/>\nNews and training tips<br \/>\nSoil, soil fertility, seeds and small-scale \u2026<br \/>\nVisit to Ghana<br \/>\nIntroducing \u201eDiscover\u201c<\/p>\n<\/div>\n<\/div>\n","protected":false},"excerpt":{"rendered":"<p>Rundbriefe f\u00fcr unsere Partner in Afrika Mehrmals im Jahr verfasst Discover Rundbriefe f\u00fcr unsere PartnerInnen in Afrika, mit denen wir ihnen praktische Tipps und Hinweise f\u00fcr ihre Arbeit geben. In einigen der Rundbriefe wird auf Links zu Info-Bl\u00e4ttern verwiesen. Siehe Rubrik \u201eInfo-Bl\u00e4tter\u201c. Alle Rundbriefe sind in leicht verst\u00e4ndlichem Englisch verfasst. Hier ist die komplette \u00dcbersicht [&hellip;]<\/p>\n","protected":false},"author":1,"featured_media":0,"parent":30,"menu_order":0,"comment_status":"closed","ping_status":"closed","template":"","meta":{"ngg_post_thumbnail":0,"footnotes":""},"class_list":["post-319","page","type-page","status-publish","hentry"],"_links":{"self":[{"href":"https:\/\/discover-src.net\/de\/wp-json\/wp\/v2\/pages\/319","targetHints":{"allow":["GET"]}}],"collection":[{"href":"https:\/\/discover-src.net\/de\/wp-json\/wp\/v2\/pages"}],"about":[{"href":"https:\/\/discover-src.net\/de\/wp-json\/wp\/v2\/types\/page"}],"author":[{"embeddable":true,"href":"https:\/\/discover-src.net\/de\/wp-json\/wp\/v2\/users\/1"}],"replies":[{"embeddable":true,"href":"https:\/\/discover-src.net\/de\/wp-json\/wp\/v2\/comments?post=319"}],"version-history":[{"count":38,"href":"https:\/\/discover-src.net\/de\/wp-json\/wp\/v2\/pages\/319\/revisions"}],"predecessor-version":[{"id":3246,"href":"https:\/\/discover-src.net\/de\/wp-json\/wp\/v2\/pages\/319\/revisions\/3246"}],"up":[{"embeddable":true,"href":"https:\/\/discover-src.net\/de\/wp-json\/wp\/v2\/pages\/30"}],"wp:attachment":[{"href":"https:\/\/discover-src.net\/de\/wp-json\/wp\/v2\/media?parent=319"}],"curies":[{"name":"wp","href":"https:\/\/api.w.org\/{rel}","templated":true}]}}