{"id":317,"date":"2016-12-19T12:16:57","date_gmt":"2016-12-19T11:16:57","guid":{"rendered":"http:\/\/discover-src.satzbaustein.de\/de\/?page_id=317"},"modified":"2019-06-29T21:13:26","modified_gmt":"2019-06-29T19:13:26","slug":"info-blaetter","status":"publish","type":"page","link":"https:\/\/discover-src.net\/de\/informationen\/info-blaetter\/","title":{"rendered":"Info-Bl\u00e4tter"},"content":{"rendered":"<h1>Rundbriefe, Lehr- und Lernmaterial<\/h1>\n<h5><span style=\"font-size: 12pt; color: #026e02;\">Discover hat mit seinen erfahrenen Partnern in Afrika Informationsbl\u00e4tter zu vielen relevanten Themen zusammengestellt. Machen auch Sie von diesen Materialien als Unterrichtsmaterial Gebrauch.<\/span><br \/>\n<span style=\"font-size: 12pt; color: #026e02;\"> Weisen Sie dabei auf die Urheberrechte von Discover hin. Eine kommerzielle Verwendung dieser Materialien ist nicht gestattet. Ver\u00f6ffentlichungen m\u00fcssen die Erlaubnis von Discover e. V. in Deutschland haben.<\/span><\/h5>\n<h5><span style=\"font-size: 12pt; color: #026e02;\">Besuchen Sie auch unsere <a style=\"color: #026e02;\" href=\"https:\/\/www.facebook.com\/discover.src\/?\">Facebook-Seite<\/a>.<\/span><\/h5>\n<h5><span style=\"font-size: 12pt; color: #026e02;\">In unseren Info-Bl\u00e4ttern bieten wir detailliertes Wissen zu den vielf\u00e4ltigen Themen rund um die Arbeit unserer Partner an. Sie sind alle in einfachem Englisch geschrieben.<\/span><br \/>\n<span style=\"font-size: 12pt; color: #026e02;\"> Viel Spa\u00df beim Lesen!<\/span><\/h5>\n<h5><span style=\"font-size: 12pt; color: #026e02;\">Juli 2018: <a href=\"http:\/\/discover-src.net\/en\/wp-content\/uploads\/2018\/07\/Drought-management-DISCOVER.pdf\" target=\"_blank\" rel=\"noopener noreferrer\">Coping with Drought: Suggestions and Ideas<\/a> \u2013 eine 20 Seiten umfassende Schrift, verfasst um Kollegen in Afrika dabei zu helfen, sehr lange D\u00fcrreperioden besser zu \u00fcberstehen.<\/span><\/h5>\n<p>\u2013 <a href=\"http:\/\/discover-src.net\/en\/wp-content\/uploads\/2018\/06\/Discover-Starter-pack-November-2017.pdf\" target=\"_blank\" rel=\"noopener noreferrer\">Discover Starter-Pack<\/a><br \/>\n\u2013 Das Discover Starter-Pack gibt es auch auf\u00a0 <a href=\"http:\/\/discover-src.net\/en\/wp-content\/uploads\/2018\/08\/Discover-kit-de-d\u00e9part-French.pdf\" target=\"_blank\" rel=\"noopener noreferrer\">Franz\u00f6sisch<\/a><a href=\"http:\/\/discover-src.net\/en\/wp-content\/uploads\/2018\/06\/Discover-kit-de-d%C3%A9part-French.pdf\" target=\"_blank\" rel=\"noopener noreferrer\"><br \/>\n<\/a>Das<strong> Discover Starter-Pack<\/strong> richtet sich an Menschen, die f\u00fcr sich selbst etwas \u00fcber einige wichtige Heilpflanzen erfahren m\u00f6chten und f\u00fcr Menschen, die ihre erste Schulung zu nat\u00fcrlicher Gesundheitsvorsorge mitmachen.<\/p>\n<p><strong>Nahrungs- und medizinische Pflanzen<\/strong><br \/>\n\u2013 <a href=\"http:\/\/discover-src.net\/en\/wp-content\/uploads\/2017\/10\/Aloe-vera.pdf\" target=\"_blank\" rel=\"noopener noreferrer\"><em>Aloe vera<\/em><\/a><br \/>\n\u2013 <a href=\"http:\/\/discover-src.net\/en\/wp-content\/uploads\/2017\/07\/Carica-papaya.pdf\" target=\"_blank\" rel=\"noopener noreferrer\"><em>Carica papaya<\/em><\/a> \u2013 Papaya<strong><br \/>\n<\/strong>\u2013 <a href=\"http:\/\/discover-src.net\/de\/wp-content\/uploads\/2016\/12\/2016-Info-Centella-asiatica.pdf\" target=\"_blank\" rel=\"noopener noreferrer\"><em>Centenella Asiatica<\/em><\/a> \u2013 Indisches Wassernabelkraut<br \/>\n<em>\u2013 <a href=\"http:\/\/discover-src.satzbaustein.de\/de\/wp-content\/uploads\/2017\/03\/Moringa-oleifera-short-sheet.pdf\" target=\"_blank\" rel=\"noopener noreferrer\">Moringa oleifera <\/a><\/em>\u2013 kurz<br \/>\n<em>\u2013 <\/em><em><a href=\"http:\/\/discover-src.satzbaustein.de\/de\/wp-content\/uploads\/2017\/03\/Moringa-oleifera-detailed.pdf\" target=\"_blank\" rel=\"noopener noreferrer\">Moringa oleifera<\/a> \u2013 <\/em>detailliert<em><br \/>\n<\/em>\u2013 <a href=\"http:\/\/discover-src.net\/de\/wp-content\/uploads\/2016\/12\/Info-Mucuna-puriens.pdf\" target=\"_blank\" rel=\"noopener noreferrer\"><em>Mucuna Puriens<\/em><\/a> \u2013 Schwertbohne<a href=\"http:\/\/discover-src.net\/de\/wp-content\/uploads\/2016\/12\/Info-Mucuna-puriens.pdf\" target=\"_blank\" rel=\"noopener noreferrer\"><br \/>\n<\/a>\u2013 <a href=\"http:\/\/discover-src.satzbaustein.de\/en\/wp-content\/uploads\/2016\/12\/Urtica-dioica-nettle.pdf\" target=\"_blank\" rel=\"noopener noreferrer\"><em>Urtica dioica \/ Urtica massaica<\/em><\/a> \u2013 Brennessel<\/p>\n<p><strong>Krankheiten und andere gesundheitliche Probleme<br \/>\n<\/strong>\u2013 <a href=\"http:\/\/discover-src.net\/de\/wp-content\/uploads\/2016\/12\/2016-Info-Arthritis-and-general-body-pain.pdf\" target=\"_blank\" rel=\"noopener noreferrer\">Arthritis and General Body Pain<\/a> Arthrose und allgemeine Schmerzen <em>am K\u00f6rper<br \/>\n<\/em>\u2013 <a href=\"http:\/\/discover-src.net\/en\/wp-content\/uploads\/2017\/08\/Cancer-facts-prevention-treatment.pdf\" target=\"_blank\" rel=\"noopener noreferrer\">Cancer<\/a> Krebs<br \/>\n\u2013 <a href=\"http:\/\/discover-src.net\/en\/wp-content\/uploads\/2017\/09\/Diabetes.pdf\" target=\"_blank\" rel=\"noopener noreferrer\">Diabetes<\/a><br \/>\n\u2013 <a href=\"http:\/\/discover-src.net\/de\/wp-content\/uploads\/2016\/12\/Info-Cholera.pdf\" target=\"_blank\" rel=\"noopener noreferrer\">Cholera<\/a><em><br \/>\n<\/em>\u2013 <a href=\"http:\/\/discover-src.net\/de\/wp-content\/uploads\/2016\/12\/Info-Hepatitis-B-Herbal-support-treatment.pdf\" target=\"_blank\" rel=\"noopener noreferrer\">Hepatitis B<br \/>\n<\/a>\u2013 <a href=\"http:\/\/discover-src.net\/en\/wp-content\/uploads\/2017\/10\/Typhoid-fever-treatment.pdf\" target=\"_blank\" rel=\"noopener noreferrer\">Typhoid<\/a> Typhus<br \/>\n\u2013 <a href=\"http:\/\/discover-src.satzbaustein.de\/en\/wp-content\/uploads\/2017\/05\/Ulcers.pdf\" target=\"_blank\" rel=\"noopener noreferrer\">Ulcers<\/a> Geschw\u00fcre<\/p>\n<p><strong>Nat\u00fcrliche Medizin und Behandlungen<br \/>\n<\/strong>\u2013 <a href=\"http:\/\/discover-src.net\/de\/wp-content\/uploads\/2016\/12\/Info-Honey-Ointment.pdf\" target=\"_blank\" rel=\"noopener noreferrer\">Honey Ointment<\/a> Honigsalbe<em><br \/>\n<\/em>\u2013 <a href=\"http:\/\/discover-src.net\/de\/wp-content\/uploads\/2016\/12\/Info-Lemon-Garlic-Elixir.pdf\" target=\"_blank\" rel=\"noopener noreferrer\">Lemon Garlic Elixir<\/a> Zitronen-Knoblauch-Elixier<em><br \/>\n<\/em>\u2013 <a href=\"http:\/\/discover-src.net\/de\/wp-content\/uploads\/2016\/12\/Info-Oil-pulling.pdf\" target=\"_blank\" rel=\"noopener noreferrer\">Oil Pulling<\/a> \u00d6l ziehen<br \/>\n\u2013 <a href=\"http:\/\/discover-src.satzbaustein.de\/de\/wp-content\/uploads\/2016\/12\/Probiotic-Health-Tincture.pdf\" target=\"_blank\" rel=\"noopener noreferrer\">Probiotic health tincture<\/a> Probiotische Gesundheits-Tinktur<\/p>\n<p><strong>Landwirtschaft<br \/>\n<\/strong>\u2013 <a href=\"http:\/\/discover-src.net\/de\/wp-content\/uploads\/2016\/12\/Info-Bag-Gardens.pdf\" target=\"_blank\" rel=\"noopener noreferrer\">Bag Gardens<\/a> G\u00e4rtnern mit Plastiks\u00e4cken<em><br \/>\n<\/em>\u2013 <em><a href=\"http:\/\/discover-src.net\/de\/wp-content\/uploads\/2016\/12\/Info-Faidherbia-albida.pdf\" target=\"_blank\" rel=\"noopener noreferrer\">Faidherbia Albida<\/a> Der Anabaum<\/em><br \/>\n\u2013 <a href=\"http:\/\/discover-src.satzbaustein.de\/de\/wp-content\/uploads\/2016\/12\/2015-5-Permaculture-in-Malawi.pdf\" target=\"_blank\" rel=\"noopener noreferrer\">Permaculture in Malawi <\/a>Permakultur in Malawi<\/p>\n<p><strong>Einfache Technologien<br \/>\n<\/strong>\u2013 <a href=\"http:\/\/discover-src.net\/en\/wp-content\/uploads\/2018\/03\/T-Charcoal-fridge.pdf\" target=\"_blank\" rel=\"noopener noreferrer\">Charcoal refrigerator<\/a> Holzkohle-K\u00fchlschrank<br \/>\n\u2013 <a href=\"http:\/\/discover-src.net\/en\/wp-content\/uploads\/2018\/03\/T-Bio-slow-sand-water-filter.pdf\" target=\"_blank\" rel=\"noopener noreferrer\">Slow sand filter <\/a>Langsamer Sandfilter zur Wasserreinigung<br \/>\n\u2013 <a href=\"http:\/\/discover-src.net\/en\/wp-content\/uploads\/2017\/10\/Discover-Infos-Tippy-Taps-en-A5-Flyer.pdf\" target=\"_blank\" rel=\"noopener noreferrer\">Tippy Tap<\/a><em><br \/>\n<\/em>\u2013 <a href=\"http:\/\/discover-src.net\/en\/wp-content\/uploads\/2016\/12\/Info-Mosquito-trap.pdf\" target=\"_blank\" rel=\"noopener noreferrer\">Mosquito Trap<\/a> Moskito-Falle<br \/>\n\u2013 <a href=\"http:\/\/discover-src.net\/en\/wp-content\/uploads\/2018\/03\/T-Solar-driers-for-the-Tropics.pdf\" target=\"_blank\" rel=\"noopener noreferrer\">Solar driers<\/a> Solartrockner<\/p>\n<p><strong>Konfliktl\u00f6sung und friedenschaffende Ma\u00dfnahmen<\/strong><br \/>\n\u2013 <a href=\"http:\/\/discover-src.satzbaustein.de\/de\/wp-content\/uploads\/2017\/03\/2016-3-The-CHIPS-work-of-making-peace.pdf\" target=\"_blank\" rel=\"noopener noreferrer\">The CHIPS work of making peace<\/a> Die Friedensarbeit der Organisation CHIPS<\/p>\n<p><strong>Schaffen von Einkommensquellen und von Finanzierungsm\u00f6glichkeiten von Projekten in Gemeinden<\/strong><br \/>\n\u2013<a href=\"http:\/\/discover-src.satzbaustein.de\/de\/wp-content\/uploads\/2016\/12\/2015-4-How-to-increase-the-amount-of-money-in-the-community.pdf\" target=\"_blank\" rel=\"noopener noreferrer\"> How to increase the amount of money in the community<\/a> Wie man innerhalb einer Gemeinde die Geldmittel erweitert<br \/>\n\u2013 <a href=\"http:\/\/discover-src.satzbaustein.de\/de\/wp-content\/uploads\/2016\/12\/2015-5-Ideas-for-income-generation.pdf\" target=\"_blank\" rel=\"noopener noreferrer\">Ideas for income generation<\/a> Ideen zum Schaffen selbst\u00e4ndiger Eink\u00fcnfte<br \/>\n\u2013 <a href=\"http:\/\/discover-src.satzbaustein.de\/de\/wp-content\/uploads\/2016\/12\/2015-6-Table-banking.pdf\" target=\"_blank\" rel=\"noopener noreferrer\">Table Banking<\/a> Wie man mit gemeinsamen Spargruppen ohne Banken Projekte finanzieren kann<\/p>\n<p>aktualisiert am 2.7.18<\/p>\n","protected":false},"excerpt":{"rendered":"<p>Rundbriefe, Lehr- und Lernmaterial Discover hat mit seinen erfahrenen Partnern in Afrika Informationsbl\u00e4tter zu vielen relevanten Themen zusammengestellt. Machen auch Sie von diesen Materialien als Unterrichtsmaterial Gebrauch. Weisen Sie dabei auf die Urheberrechte von Discover hin. Eine kommerzielle Verwendung dieser Materialien ist nicht gestattet. Ver\u00f6ffentlichungen m\u00fcssen die Erlaubnis von Discover e. V. in Deutschland haben. [&hellip;]<\/p>\n","protected":false},"author":1,"featured_media":0,"parent":30,"menu_order":0,"comment_status":"closed","ping_status":"closed","template":"","meta":{"ngg_post_thumbnail":0,"footnotes":""},"class_list":["post-317","page","type-page","status-publish","hentry"],"_links":{"self":[{"href":"https:\/\/discover-src.net\/de\/wp-json\/wp\/v2\/pages\/317","targetHints":{"allow":["GET"]}}],"collection":[{"href":"https:\/\/discover-src.net\/de\/wp-json\/wp\/v2\/pages"}],"about":[{"href":"https:\/\/discover-src.net\/de\/wp-json\/wp\/v2\/types\/page"}],"author":[{"embeddable":true,"href":"https:\/\/discover-src.net\/de\/wp-json\/wp\/v2\/users\/1"}],"replies":[{"embeddable":true,"href":"https:\/\/discover-src.net\/de\/wp-json\/wp\/v2\/comments?post=317"}],"version-history":[{"count":44,"href":"https:\/\/discover-src.net\/de\/wp-json\/wp\/v2\/pages\/317\/revisions"}],"predecessor-version":[{"id":1613,"href":"https:\/\/discover-src.net\/de\/wp-json\/wp\/v2\/pages\/317\/revisions\/1613"}],"up":[{"embeddable":true,"href":"https:\/\/discover-src.net\/de\/wp-json\/wp\/v2\/pages\/30"}],"wp:attachment":[{"href":"https:\/\/discover-src.net\/de\/wp-json\/wp\/v2\/media?parent=317"}],"curies":[{"name":"wp","href":"https:\/\/api.w.org\/{rel}","templated":true}]}}