{"id":315,"date":"2016-12-19T12:16:43","date_gmt":"2016-12-19T11:16:43","guid":{"rendered":"http:\/\/discover-src.satzbaustein.de\/de\/?page_id=315"},"modified":"2026-02-13T18:51:31","modified_gmt":"2026-02-13T17:51:31","slug":"rundbriefe","status":"publish","type":"page","link":"https:\/\/discover-src.net\/de\/informationen\/rundbriefe\/","title":{"rendered":"Rundbriefe f\u00fcr Unterst\u00fctzer"},"content":{"rendered":"<h1>In diesen Rundbriefen erfahren Sie mehr \u00fcber unsere Arbeit und die unserer Partner in Afrika.<\/h1>\n<p>Wenn Sie auch Interesse haben an den Rundbriefen, die Keith an die afrikanischen PartnerInnen schickt (in englischer Sprache), k\u00f6nnen Sie diese hier lesen:<\/p>\n<blockquote class=\"wp-embedded-content\" data-secret=\"2ZbKiA63vk\"><p><a href=\"https:\/\/discover-src.net\/en\/information\/from-africa\/\">Newsletters for Colleagues in Africa<\/a><\/p><\/blockquote>\n<p><iframe loading=\"lazy\" class=\"wp-embedded-content\" sandbox=\"allow-scripts\" security=\"restricted\" style=\"position: absolute; visibility: hidden;\" title=\"&#8222;Newsletters for Colleagues in Africa&#8220; &#8211; Discover-SRC\" src=\"https:\/\/discover-src.net\/en\/information\/from-africa\/embed\/#?secret=EhLP77n3Am#?secret=2ZbKiA63vk\" data-secret=\"2ZbKiA63vk\" width=\"500\" height=\"282\" frameborder=\"0\" marginwidth=\"0\" marginheight=\"0\" scrolling=\"no\"><\/iframe><\/p>\n<p>Ein Klick auf den Rundbrief \u00f6ffnet die PDF-Datei (dazu brauchen Sie den Acrobat Reader)<\/p>\n<p>&#8211; Rundbrief <a href=\"https:\/\/discover-src.net\/de\/wp-content\/uploads\/2026\/02\/Geschaeftsmitteilung.png\" target=\"_blank\" rel=\"noopener\">13. Februar 2026<\/a> Wichtige Gesch\u00e4ftsmitteilung<br \/>\n&#8211; Rundbrief <a href=\"https:\/\/discover-src.net\/de\/wp-content\/uploads\/2026\/02\/2026-02-Discover-Rundbrief-Februar.pdf\" target=\"_blank\" rel=\"noopener\">Februar 2026<\/a> &#8211; Benefizkonzert am 21. Februar zugunsten Kenia Thomas&#8216; Baumpflanzungen<br \/>\n&#8211; Rundbrief <a href=\"https:\/\/discover-src.net\/de\/wp-content\/uploads\/2026\/01\/26-01-Discover-Rundbrief-Januar.pdf\" target=\"_blank\" rel=\"noopener\">Januar 2026<\/a> &#8211; Robert Bwambales Agroforstwirtschaft<br \/>\n&#8211; Rundbrief <a href=\"https:\/\/discover-src.net\/de\/wp-content\/uploads\/2026\/01\/25-11-Discover-Rundbrief-II-November.pdf\" target=\"_blank\" rel=\"noopener\">November 2025 II &#8211; <\/a>Die Arbeit unserer Discover-Partner in Afrika muss fortgesetzt werden!<br \/>\n&#8211; Rundbrief <a href=\"https:\/\/discover-src.net\/de\/wp-content\/uploads\/2026\/01\/25-11-Discover-Rundbrief-November.pdf\" target=\"_blank\" rel=\"noopener\">November 2025 &#8211; <\/a>Migranten entscheiden sich f\u00fcr die R\u00fcckkehr in ihre Heimat<br \/>\n&#8211; Rundbrief <a href=\"https:\/\/discover-src.net\/de\/wp-content\/uploads\/2025\/08\/2025-08-Discover-Rundbrief-August.de-.pdf\" target=\"_blank\" rel=\"noopener\">August 2025<\/a> &#8211; Lions Club unterst\u00fctzt Discover (Wengert Wetzede)<br \/>\n&#8211; Rundbrief <a href=\"https:\/\/discover-src.net\/de\/wp-content\/uploads\/2025\/07\/2025-07-Discover-Rundbrief-Juli.pdf\" target=\"_blank\" rel=\"noopener\">Juli 2025<\/a>\u00a0&#8211; Thomas Kenia: Aufforstung eines Berghangs<br \/>\n&#8211; Rundbrief <a href=\"https:\/\/discover-src.net\/de\/wp-content\/uploads\/2025\/02\/2025-02-Discover-Rundbrief-Februar.pdf\" target=\"_blank\" rel=\"noopener\">Februar 2025<\/a> &#8211; Eric Kihuluka<br \/>\n&#8211; Rundbrief <a href=\"https:\/\/discover-src.net\/de\/wp-content\/uploads\/2025\/01\/2025-01-Discover-Rundbrief-Januar.pdf\" target=\"_blank\" rel=\"noopener\">Januar 2025<\/a> &#8211; <span style=\"font-size: revert;\">2025 auf einem soliden Fundament aufbauen<br \/>\n<\/span>&#8211; Rundbrief <a href=\"https:\/\/discover-src.net\/de\/wp-content\/uploads\/2024\/12\/2024-12-Discover-Rundbrief-Dezember-.pdf\" target=\"_blank\" rel=\"noopener\">Dezember 2024<\/a> &#8211; Ein paar sehr aktive PartnerInnen<br \/>\n&#8211; Rundbrief <a href=\"https:\/\/discover-src.net\/de\/wp-content\/uploads\/2024\/10\/2024-10-Discover-Rundbrief-Oktober-.pdf\" target=\"_blank\" rel=\"noopener\">Oktober 2024<\/a> &#8211; <span style=\"font-size: revert;\">Die Vorteile des Anbaus von Ba\u0308umen<br \/>\n<\/span>&#8211; Rundbrief <a href=\"https:\/\/discover-src.net\/de\/wp-content\/uploads\/2024\/09\/2024-09-Discover-Rundbrief-September-.pdf\" target=\"_blank\" rel=\"noopener\">September 2024<\/a> &#8211; Spendenaufruf f\u00fcr aktuelles <a href=\"https:\/\/discover-src.net\/de\/wp-content\/uploads\/2024\/09\/2024-08-19-Peace-building-and-Conflict-resolution-1.pdf\" target=\"_blank\" rel=\"noopener\">Projekt zur Friedenssicherung<\/a><br \/>\n&#8211; Rundbrief <a href=\"https:\/\/discover-src.net\/de\/wp-content\/uploads\/2024\/08\/2024-08-Rundbrief-August-dt.pdf\" target=\"_blank\" rel=\"noopener\">August 2024<\/a> &#8211; Halbjahresbericht<br \/>\n&#8211; Rundbrief <a href=\"https:\/\/discover-src.net\/de\/wp-content\/uploads\/2024\/05\/2024-05-Rundbrief-Mai.pdf\" target=\"_blank\" rel=\"noopener\">Mai 2024<\/a> \u2013 Verhinderung von t\u00f6dlichen Erdrutschen<br \/>\n&#8211; Rundbrief <a href=\"https:\/\/discover-src.net\/de\/wp-content\/uploads\/2024\/02\/2024-02-Rundbrief-Februar-2.pdf\" target=\"_blank\" rel=\"noopener\">Februar 2024<\/a> \u2013 Vereinsarbeit und Aktivit\u00e4ten unserer PartnerInnen in Uganda<br \/>\n&#8211; Rundbrief <a href=\"https:\/\/discover-src.net\/de\/wp-content\/uploads\/2023\/12\/Bericht-ueber-meinen-Besuch-in-Uganda-final-.pdf\" target=\"_blank\" rel=\"noopener\">Dezember 2023<\/a> \u2013 Bericht von Keith von seiner Ugandareise<br \/>\n&#8211; Rundbrief <a href=\"https:\/\/discover-src.net\/de\/wp-content\/uploads\/2023\/07\/2023-07-Rundbrief-Juli-1.pdf\" target=\"_blank\" rel=\"noopener\">Juli 2023<\/a><br \/>\n&#8211; Rundbrief <a href=\"https:\/\/discover-src.net\/de\/wp-content\/uploads\/2023\/05\/2023-05-Rundbrief-Mai-1.pdf\" target=\"_blank\" rel=\"noopener\">Mai 2023<\/a><br \/>\n&#8211; Rundbrief <a href=\"https:\/\/discover-src.net\/de\/wp-content\/uploads\/2023\/01\/2023-01-Rundbrief-Januar.pdf\" target=\"_blank\" rel=\"noopener noreferrer\">Januar 2023<\/a><br \/>\n&#8211; Rundbrief <a href=\"https:\/\/discover-src.net\/de\/wp-content\/uploads\/2022\/12\/2022-12-Rundbrief-Dezember.pdf\" target=\"_blank\" rel=\"noopener noreferrer\">Dezember 2022<\/a><br \/>\n&#8211; Rundbrief <a href=\"https:\/\/discover-src.net\/de\/wp-content\/uploads\/2022\/08\/22-08-16-MONITORING-Robert-Bwambale-de.pdf\" target=\"_blank\" rel=\"noopener noreferrer\">August 2022<\/a><br \/>\n&#8211; Rundbrief <a href=\"https:\/\/discover-src.net\/de\/wp-content\/uploads\/2022\/07\/2022-06-Rundbrief-Juli.pdf\" target=\"_blank\" rel=\"noopener noreferrer\">Juli 2022<\/a><br \/>\n&#8211; Rundbrief <a href=\"https:\/\/discover-src.net\/de\/wp-content\/uploads\/2022\/03\/2022-03-Rundbrief-Ma\u0308rz.pdf\" target=\"_blank\" rel=\"noopener noreferrer\">M\u00e4rz 2022<\/a><br \/>\n&#8211; Rundbrief <a href=\"https:\/\/discover-src.net\/de\/wp-content\/uploads\/2022\/02\/2022-02-Rundbrief-Februar.pdf\" target=\"_blank\" rel=\"noopener noreferrer\">Februar 2022<\/a><br \/>\n&#8211; Rundbrief <a href=\"https:\/\/discover-src.net\/de\/wp-content\/uploads\/2021\/12\/2021-12-Rundbrief-Dezember.pdf\" target=\"_blank\" rel=\"noopener noreferrer\">Dezember 2021<\/a><br \/>\n&#8211; Rundbrief <a href=\"https:\/\/discover-src.net\/de\/wp-content\/uploads\/2021\/11\/Discover-Rundbrief-\u2013-November-2021-.pdf\" target=\"_blank\" rel=\"noopener noreferrer\">November 2021<\/a><br \/>\n&#8211; Rundbrief <a href=\"https:\/\/discover-src.net\/de\/wp-content\/uploads\/2021\/09\/2021-09-Rundbrief-September-.pdf\" target=\"_blank\" rel=\"noopener noreferrer\">September 2021<\/a><br \/>\n&#8211; Rundbrief <a href=\"https:\/\/discover-src.net\/de\/wp-content\/uploads\/2021\/08\/2021-08-Rundbrief-August.pdf\" target=\"_blank\" rel=\"noopener noreferrer\">August 2021<\/a><br \/>\n&#8211; Rundbrief <a href=\"https:\/\/discover-src.net\/de\/wp-content\/uploads\/2021\/06\/2021_06_Rundbrief_Juni_final.pdf\" target=\"_blank\" rel=\"noopener noreferrer\">Juni 2021<br \/>\n<\/a>&#8211; Rundbrief <a href=\"https:\/\/discover-src.net\/de\/wp-content\/uploads\/2021\/07\/2021-03-Rundbrief-April.pdf\" target=\"_blank\" rel=\"noopener noreferrer\">April 2121<\/a><br \/>\n&#8211; Rundbrief <a href=\"https:\/\/discover-src.net\/de\/wp-content\/uploads\/2021\/06\/2021-01-Rundbrief-Januar.pdf\" target=\"_blank\" rel=\"noopener noreferrer\">Januar 2021<\/a><br \/>\n&#8211; Rundbrief <a href=\"https:\/\/discover-src.net\/de\/wp-content\/uploads\/2020\/12\/2020-12-Rundbrief-December-Krisen-u\u0308berwinden.pdf\" target=\"_blank\" rel=\"noopener noreferrer\">Dezember 2020<\/a><br \/>\n&#8211; Rundbrief <a href=\"https:\/\/discover-src.net\/de\/wp-content\/uploads\/2020\/10\/2020-10-Rundbrief-Oktober.pdf\" target=\"_blank\" rel=\"noopener noreferrer\">Oktober 2020<\/a><br \/>\n&#8211; Rundbrief <a href=\"https:\/\/discover-src.net\/de\/wp-content\/uploads\/2020\/10\/2020-09-Rundbrief-September.pdf\" target=\"_blank\" rel=\"noopener noreferrer\">September 2020<\/a><br \/>\n&#8211; Rundbrief <a href=\"https:\/\/discover-src.net\/de\/wp-content\/uploads\/2020\/07\/2020-07-Rundbrief-Juli-Nothilfe-1.pdf\" target=\"_blank\" rel=\"noopener noreferrer\">Juli 2020<\/a><br \/>\n&#8211; Rundbrief <a href=\"https:\/\/discover-src.net\/de\/wp-content\/uploads\/2020\/05\/2020-05-Rundbrief-Mai-.pdf\" target=\"_blank\" rel=\"noopener noreferrer\">Mai 2020<\/a><br \/>\n&#8211; Rundbrief <a href=\"https:\/\/discover-src.net\/de\/wp-content\/uploads\/2020\/04\/2020-04-Rundbrief-April-.pdf\" target=\"_blank\" rel=\"noopener noreferrer\">April 2020<\/a><br \/>\n&#8211; Rundbrief <a href=\"https:\/\/discover-src.net\/de\/wp-content\/uploads\/2020\/03\/2020-03-03-Bericht-uber-Fortschritte-in-Zimbabwe-.pdf\">M\u00e4rz 2020 II<\/a><br \/>\n&#8211; Rundbrief <a href=\"https:\/\/discover-src.net\/de\/wp-content\/uploads\/2020\/03\/2020-03-Rundbrief-Ma\u0308rz.pdf\" target=\"_blank\" rel=\"noopener noreferrer\">M\u00e4rz 2020<\/a><br \/>\n&#8211; Rundbrief <a href=\"https:\/\/discover-src.net\/de\/wp-content\/uploads\/2020\/01\/2020-01-Januar-Rundbrief.pdf\">Januar 2020<\/a><br \/>\n&#8211; Rundbrief <a href=\"https:\/\/discover-src.net\/de\/wp-content\/uploads\/2019\/12\/2019-08-December-Rundbrief.pdf\" target=\"_blank\" rel=\"noopener noreferrer\">Dezember 2019<\/a><br \/>\n&#8211; Rundbrief <a href=\"https:\/\/discover-src.net\/de\/wp-content\/uploads\/2019\/11\/2019-07-November-Rundbrief.pdf\">November 2019<\/a><br \/>\n&#8211; Rundbrief <a href=\"https:\/\/discover-src.net\/de\/wp-content\/uploads\/2019\/09\/2019-06-September-Rundbrief.pdf\">September 2019<\/a><br \/>\n&#8211; Rundbrief <a href=\"https:\/\/discover-src.net\/de\/wp-content\/uploads\/2019\/08\/2019-05-Juli-Rundbrief.pdf\" target=\"_blank\" rel=\"noopener noreferrer\">Juli 2019<\/a><br \/>\n&#8211; Rundbrief <a href=\"https:\/\/discover-src.net\/de\/wp-content\/uploads\/2019\/07\/2019-04-Mai-Rundbrief-1.pdf\" target=\"_blank\" rel=\"noopener noreferrer\">Mai 2019<\/a><br \/>\n&#8211; Rundbrief <a href=\"https:\/\/discover-src.net\/de\/wp-content\/uploads\/2019\/04\/2019-03-April-Rundbrief.pdf\">April 2019<\/a><br \/>\n&#8211; Rundbrief <a href=\"https:\/\/discover-src.net\/de\/wp-content\/uploads\/2019\/03\/2019-02-Ma\u0308rz-Rundbrief.pdf\">M\u00e4rz 2019<\/a><br \/>\n&#8211; Rundbrief <a href=\"http:\/\/discover-src.net\/de\/wp-content\/uploads\/2019\/01\/2019-01-Januar-Rundbrief-homepage.pdf\" target=\"_blank\" rel=\"noopener noreferrer\">Januar 2019<\/a><br \/>\n&#8211; Rundbrief <a href=\"http:\/\/discover-src.net\/de\/wp-content\/uploads\/2018\/12\/2018-09-Dezember-Rundbrief.pdf\" target=\"_blank\" rel=\"noopener noreferrer\">Dezember 2018<\/a><br \/>\n&#8211; Rundbrief <a href=\"http:\/\/discover-src.net\/de\/wp-content\/uploads\/2018\/12\/2018-08-Oktober-Discover-Rundbrief.pdf\" target=\"_blank\" rel=\"noopener noreferrer\">Oktober 2018<\/a><br \/>\n&#8211; Rundbrief <a href=\"http:\/\/discover-src.net\/de\/wp-content\/uploads\/2018\/12\/2018-07-Juli-Discover-Rundbrief.pdf\" target=\"_blank\" rel=\"noopener noreferrer\">Juli 2018<\/a><br \/>\n&#8211; Rundbrief <a href=\"http:\/\/discover-src.net\/de\/wp-content\/uploads\/2018\/06\/2018-06-Discover-Rundbrief-Juni.pdf\" target=\"_blank\" rel=\"noopener noreferrer\">Juni 2018<\/a><br \/>\n&#8211; Rundbrief <a href=\"http:\/\/discover-src.net\/de\/wp-content\/uploads\/2018\/05\/2018-05-Discover-Rundbrief.pdf\" target=\"_blank\" rel=\"noopener noreferrer\">Mai 2018<\/a><br \/>\n&#8211; Rundbrief <a href=\"http:\/\/discover-src.net\/de\/wp-content\/uploads\/2018\/03\/2018-03-M\u00e4rz-Rundbrief.pdf\" target=\"_blank\" rel=\"noopener noreferrer\">M\u00e4rz 2018 Welt Wassertag<\/a><br \/>\n&#8211; Rundbrief <a href=\"http:\/\/discover-src.net\/de\/wp-content\/uploads\/2018\/03\/2018-02-February-Newsletter.pdf\" target=\"_blank\" rel=\"noopener noreferrer\">Februar 2018<\/a><br \/>\n&#8211; Rundbrief <a href=\"http:\/\/discover-src.net\/de\/wp-content\/uploads\/2018\/01\/2018-1-Januar-Discover-Rundbrief-dt.pdf\" target=\"_blank\" rel=\"noopener noreferrer\">Januar 2018<\/a><br \/>\n&#8211; Rundbrief <a href=\"http:\/\/discover-src.net\/de\/wp-content\/uploads\/2017\/12\/2017-8-Dezember-Discover-Rundbrief-dt.pdf\" target=\"_blank\" rel=\"noopener noreferrer\">Dezember 2017<\/a><br \/>\n&#8211; Rundbrief <a href=\"http:\/\/discover-src.net\/de\/wp-content\/uploads\/2017\/12\/2017-7-October-Discover-Rundbrief-dt.pdf\" target=\"_blank\" rel=\"noopener noreferrer\">October 2017<\/a><br \/>\n&#8211; Rundbrief <a href=\"http:\/\/discover-src.net\/de\/wp-content\/uploads\/2017\/09\/2017-6-September-Discover-Rundbrief-dt.pdf\" target=\"_blank\" rel=\"noopener noreferrer\">September 2017<\/a><br \/>\n&#8211; Rundbrief <a href=\"http:\/\/discover-src.net\/de\/wp-content\/uploads\/2017\/07\/2017-5-Juli-Discover-Rundbrief-dt.pdf\">Juli 2017<\/a><br \/>\n&#8211; Rundbrief <a href=\"http:\/\/discover-src.net\/de\/wp-content\/uploads\/2017\/06\/2017-4-Juni-Discover-Rundbrief-dt.pdf\">Juni 2017<\/a><br \/>\n&#8211; Rundbrief <a href=\"http:\/\/discover-src.satzbaustein.de\/de\/wp-content\/uploads\/2017\/04\/2017-3-April-Discover-Rundbrief-dt.pdf\">April 2017<br \/>\n<\/a>&#8211; Rundbrief <a href=\"http:\/\/discover-src.satzbaustein.de\/de\/wp-content\/uploads\/2017\/04\/2017-2-Februar-Discover-Rundbrief-dt.pdf\">Februar 2017<br \/>\n<\/a>&#8211; Rundbrief <a href=\"http:\/\/discover-src.satzbaustein.de\/de\/wp-content\/uploads\/2016\/12\/2017-1-Januar-Discover-Rundbrief-dt..pdf\" target=\"_blank\" rel=\"noopener noreferrer\">Januar 2017<\/a><br \/>\n&#8211; Rundbrief <a href=\"\/de\/wp-content\/uploads\/2016\/12\/2016-7-December-Discover-Rundbrief-dt.pdf\" target=\"_blank\" rel=\"noopener noreferrer\">Dezember 2016<\/a><br \/>\n&#8211; Rundbrief <a href=\"\/de\/wp-content\/uploads\/2016\/12\/2016-5-August-Discover-Rundbrief-dt.pdf\" target=\"_blank\" rel=\"noopener noreferrer\">August 2016<\/a><br \/>\n&#8211; Rundbrief <a href=\"\/de\/wp-content\/uploads\/2016\/12\/2016-4-Juli-Discover-Rundbrief-dt.pdf\" target=\"_blank\" rel=\"noopener noreferrer\">Juli 2016<\/a><br \/>\n&#8211; Rundbrief <a href=\"\/de\/wp-content\/uploads\/2016\/12\/2016-3-Mai-Discover-Rundbrief-dt.pdf\" target=\"_blank\" rel=\"noopener noreferrer\">Mai 2016<\/a><br \/>\n&#8211; Rundbrief <a href=\"\/de\/wp-content\/uploads\/2016\/12\/2016-2-March-Discover-Rundbrief-dt.pdf\" target=\"_blank\" rel=\"noopener noreferrer\">M\u00e4rz 2016<\/a><br \/>\n&#8211; Rundbrief <a href=\"\/de\/wp-content\/uploads\/2016\/12\/2016-1-Discover-Newsletter-dt.pdf\" target=\"_blank\" rel=\"noopener noreferrer\">Januar 2016<\/a><br \/>\n&#8211; Rundbrief <a href=\"\/de\/wp-content\/uploads\/2016\/12\/2015-6-Discover-Newsletter-dt.pdf\" target=\"_blank\" rel=\"noopener noreferrer\">Dezember 2015<\/a><br \/>\n&#8211; Rundbrief <a href=\"\/de\/wp-content\/uploads\/2016\/12\/2015-5-Discover-Newsletter-dt.pdf\" target=\"_blank\" rel=\"noopener noreferrer\">November 2015<\/a><br \/>\n&#8211; Rundbrief <a href=\"\/de\/wp-content\/uploads\/2016\/12\/2015-4-September-Rundbrief-dt.pdf\" target=\"_blank\" rel=\"noopener noreferrer\">September 2015<\/a><br \/>\n&#8211; Rundbrief <a href=\"\/de\/wp-content\/uploads\/2016\/12\/2015-3-August-Discover-Rundbrief.pdf\" target=\"_blank\" rel=\"noopener noreferrer\">August 2015<\/a><br \/>\n&#8211; Rundbrief\u00a0<a href=\"\/de\/wp-content\/uploads\/2016\/12\/2015-June-Discover-Rundbrief-dt-2.pdf\" target=\"_blank\" rel=\"noopener noreferrer\">Juni 2015<\/a><br \/>\n&#8211; Rundbrief <a href=\"\/de\/wp-content\/uploads\/2016\/12\/2015-March-Discover-Rundbrief-dt-2.pdf\" target=\"_blank\" rel=\"noopener noreferrer\">M\u00e4rz 2015<\/a><br \/>\n&#8211; Rundbrief <a href=\"\/de\/wp-content\/uploads\/2016\/12\/2014-4-Dezember-Discover-Rundbrief-dt-2.pdf\" target=\"_blank\" rel=\"noopener noreferrer\">Dezember 2014<\/a><br \/>\n&#8211; Rundbrief <a href=\"\/de\/wp-content\/uploads\/2016\/12\/Rundbrief-July-2014-2.pdf\" target=\"_blank\" rel=\"noopener noreferrer\">Juli 2014<\/a><br \/>\n&#8211; Rundbrief <a href=\"\/de\/wp-content\/uploads\/2016\/12\/Rundbrief-Mai-2014-2.pdf\" target=\"_blank\" rel=\"noopener noreferrer\">Mai 2014<\/a><\/p>\n<p>Sie m\u00f6chten den neuesten DISCOVER-Rundbrief immer gleich aktuell per E-Mail zugeschickt bekommen? <a href=\"mailto:info@discover-src.net\">Hier<\/a> k\u00f6nnen Sie sich in die Adressliste aufnehmen lassen.<\/p>\n","protected":false},"excerpt":{"rendered":"<p>In diesen Rundbriefen erfahren Sie mehr \u00fcber unsere Arbeit und die unserer Partner in Afrika. Wenn Sie auch Interesse haben an den Rundbriefen, die Keith an die afrikanischen PartnerInnen schickt (in englischer Sprache), k\u00f6nnen Sie diese hier lesen: Newsletters for Colleagues in Africa Ein Klick auf den Rundbrief \u00f6ffnet die PDF-Datei (dazu brauchen Sie den [&hellip;]<\/p>\n","protected":false},"author":1,"featured_media":0,"parent":30,"menu_order":0,"comment_status":"closed","ping_status":"closed","template":"","meta":{"ngg_post_thumbnail":0,"footnotes":""},"class_list":["post-315","page","type-page","status-publish","hentry"],"_links":{"self":[{"href":"https:\/\/discover-src.net\/de\/wp-json\/wp\/v2\/pages\/315","targetHints":{"allow":["GET"]}}],"collection":[{"href":"https:\/\/discover-src.net\/de\/wp-json\/wp\/v2\/pages"}],"about":[{"href":"https:\/\/discover-src.net\/de\/wp-json\/wp\/v2\/types\/page"}],"author":[{"embeddable":true,"href":"https:\/\/discover-src.net\/de\/wp-json\/wp\/v2\/users\/1"}],"replies":[{"embeddable":true,"href":"https:\/\/discover-src.net\/de\/wp-json\/wp\/v2\/comments?post=315"}],"version-history":[{"count":130,"href":"https:\/\/discover-src.net\/de\/wp-json\/wp\/v2\/pages\/315\/revisions"}],"predecessor-version":[{"id":3356,"href":"https:\/\/discover-src.net\/de\/wp-json\/wp\/v2\/pages\/315\/revisions\/3356"}],"up":[{"embeddable":true,"href":"https:\/\/discover-src.net\/de\/wp-json\/wp\/v2\/pages\/30"}],"wp:attachment":[{"href":"https:\/\/discover-src.net\/de\/wp-json\/wp\/v2\/media?parent=315"}],"curies":[{"name":"wp","href":"https:\/\/api.w.org\/{rel}","templated":true}]}}