{"id":30,"date":"2016-10-24T10:17:52","date_gmt":"2016-10-24T08:17:52","guid":{"rendered":"http:\/\/discover-src.satzbaustein.de\/?page_id=30"},"modified":"2018-07-02T15:20:38","modified_gmt":"2018-07-02T13:20:38","slug":"informationen","status":"publish","type":"page","link":"https:\/\/discover-src.net\/de\/informationen\/","title":{"rendered":"Informationen"},"content":{"rendered":"<h1><span style=\"color: #339966;\">Rundbriefe, Lehr-\u00a0 und Lernmaterial<\/span><\/h1>\n<p>Discover ist seinen vielen Freunden in Europa sehr dankbar f\u00fcr ihre pers\u00f6nliche und finanzielle Unterst\u00fctzung. Als kleines Zeichen der Wertsch\u00e4tzung versuchen wir, unsere Unterst\u00fctzer \u00fcber unsere Aktivit\u00e4ten mit regelm\u00e4\u00dfigen <a href=\"http:\/\/discover-src.net\/de\/informationen\/rundbriefe\/\">aktuellen Rundbriefen<\/a> auf dem Laufenden zu halten.<\/p>\n<p>Gemeinsam mit unseren Partnern in Afrika, von denen einige \u00fcber umfangreiche Erfahrung verf\u00fcgen, hat Discover eine Serie von Informationsbl\u00e4ttern zu Themen zusammengestellt. Diese finden Sie <a href=\"http:\/\/discover-src.net\/de\/informationen\/info-blaetter\/\">hier<\/a>.\u00a0 In diesen <a href=\"http:\/\/discover-src.net\/de\/informationen\/info-blaetter\/\">Info-Bl\u00e4ttern<\/a> bieten wir detailliertes Wissen zu den vielf\u00e4ltigen Themen rund um die Arbeit unserer Partner an. Sie sind alle in einfachem Englisch geschrieben.<br \/>\nSie sind herzlich eingeladen, von diesen Materialien f\u00fcr sich selbst Gebrauch zu machen und es auch als Unterrichtsmaterial zu verwenden, wenn Sie dabei auf die Urheberrechte von Discover hinweisen. Eine kommerzielle Verwendung dieser Materialien ist nicht gestattet. Wenn Sie diese Bl\u00e4tter f\u00fcr irgendeine Ver\u00f6ffentlichung verwenden m\u00f6chten, holen Sie bitte vorher die Erlaubnis dazu bei Discover e. V. in Deutschland ein.<\/p>\n<p>Unsere Partner in Afrika sind sehr aktiv. Mit unseren <a href=\"http:\/\/discover-src.net\/en\/information\/from-africa\/\">Rundbriefen f\u00fcr Kollegen in Afrika<\/a> erm\u00f6glichen wir unseren Kollegen, voneinander zu lernen. Wir geben hier auch weitere Informationen aus anderen Quellen weiter.<\/p>\n<p>Viel Spa\u00df beim St\u00f6bern!<\/p>\n<p>Wir posten regelm\u00e4\u00dfig auf unserer <a href=\"https:\/\/www.facebook.com\/discover.src\/?\"><strong>Facebook-Seite<\/strong><\/a>. Hiermit m\u00f6chten wir auf internationaler Ebene Menschen dazu anregen, lokal verf\u00fcgbare Ressourcen und F\u00e4higkeiten zugunsten ihrer Familien und Gemeinden einzusetzen.<\/p>\n<section class=\"entry-content\">\n<div class=\"mb-indent\">\n<div class=\"mb-indent\"><\/div>\n<\/div>\n<\/section>\n","protected":false},"excerpt":{"rendered":"<p>Rundbriefe, Lehr-\u00a0 und Lernmaterial Discover ist seinen vielen Freunden in Europa sehr dankbar f\u00fcr ihre pers\u00f6nliche und finanzielle Unterst\u00fctzung. Als kleines Zeichen der Wertsch\u00e4tzung versuchen wir, unsere Unterst\u00fctzer \u00fcber unsere Aktivit\u00e4ten mit regelm\u00e4\u00dfigen aktuellen Rundbriefen auf dem Laufenden zu halten. Gemeinsam mit unseren Partnern in Afrika, von denen einige \u00fcber umfangreiche Erfahrung verf\u00fcgen, hat Discover [&hellip;]<\/p>\n","protected":false},"author":1,"featured_media":0,"parent":0,"menu_order":3,"comment_status":"closed","ping_status":"closed","template":"","meta":{"ngg_post_thumbnail":0,"footnotes":""},"class_list":["post-30","page","type-page","status-publish","hentry"],"_links":{"self":[{"href":"https:\/\/discover-src.net\/de\/wp-json\/wp\/v2\/pages\/30","targetHints":{"allow":["GET"]}}],"collection":[{"href":"https:\/\/discover-src.net\/de\/wp-json\/wp\/v2\/pages"}],"about":[{"href":"https:\/\/discover-src.net\/de\/wp-json\/wp\/v2\/types\/page"}],"author":[{"embeddable":true,"href":"https:\/\/discover-src.net\/de\/wp-json\/wp\/v2\/users\/1"}],"replies":[{"embeddable":true,"href":"https:\/\/discover-src.net\/de\/wp-json\/wp\/v2\/comments?post=30"}],"version-history":[{"count":27,"href":"https:\/\/discover-src.net\/de\/wp-json\/wp\/v2\/pages\/30\/revisions"}],"predecessor-version":[{"id":1154,"href":"https:\/\/discover-src.net\/de\/wp-json\/wp\/v2\/pages\/30\/revisions\/1154"}],"wp:attachment":[{"href":"https:\/\/discover-src.net\/de\/wp-json\/wp\/v2\/media?parent=30"}],"curies":[{"name":"wp","href":"https:\/\/api.w.org\/{rel}","templated":true}]}}