{"id":1530,"date":"2019-06-09T00:36:04","date_gmt":"2019-06-08T22:36:04","guid":{"rendered":"https:\/\/discover-src.net\/de\/?page_id=1530"},"modified":"2020-06-09T18:55:22","modified_gmt":"2020-06-09T16:55:22","slug":"partner-in-afrika","status":"publish","type":"page","link":"https:\/\/discover-src.net\/de\/partner\/partner-in-afrika\/","title":{"rendered":"Partner in Afrika"},"content":{"rendered":"<section class=\"entry-content\">\n<h1 style=\"text-align: center;\">Partner in\u00a0Afrika<\/h1>\n<p>Mit den hier aufgef\u00fchrten Menschen und Gruppen arbeiten wir am engsten zusammen. Wir haben vollstes Vertrauen in sie und ihre Arbeit. Es besteht ein regelm\u00e4\u00dfiger und intensiver Kontakt zu ihnen. Wir geben ihnen moralische Unterst\u00fctzung und Ermunterung, und soweit es uns m\u00f6glich ist, unterst\u00fctzen wir sie auch finanziell. Sie geben uns R\u00fcckmeldung \u00fcber ihre Arbeit, und wir profitieren von ihrem Wissen und ihrer Erfahrung.<\/p>\n<p>Die meisten unserer Partner sind sehr erfahrene und kompetente Ausbilder in den Bereichen biologischer Gartenbau, Anbau und Nutzung von Heilpflanzen, gesunder Ern\u00e4hrung, Schutz einheimischer Baumarten, Hygiene sowie in einkommensschaffende Projekte. Sie k\u00f6nnen sich jederzeit mit ihnen in Verbindung setzen, um die M\u00f6glichkeit zu besprechen, dass sie f\u00fcr Ihre Organisation Schulungen durchf\u00fchren, oder um zu fragen, ob Sie jemanden f\u00fcr die Teilnahme an ihrer n\u00e4chsten Schulungsveranstaltung sponsern k\u00f6nnen. Um sie zu kontaktieren, klicken Sie mit der rechten Maustaste auf ihren Namen und kopieren Sie ihre E-Mail-Adresse in Ihr eigenes E-Mail-Programm.<\/p>\n<p style=\"text-align: center;\"><a href=\"https:\/\/discover-src.net\/de\/wp-content\/uploads\/2020\/03\/Partner-in-Afrika.jpg\"><img loading=\"lazy\" decoding=\"async\" class=\" wp-image-1997 aligncenter\" src=\"https:\/\/discover-src.net\/de\/wp-content\/uploads\/2020\/03\/Partner-in-Afrika.jpg\" alt=\"\" width=\"385\" height=\"600\" \/><\/a>(Zum Vergr\u00f6\u00dfern anklicken)<\/p>\n<h1 style=\"text-align: center;\">Das sind unsere Partner in Uganda<\/h1>\n<p><a href=\"http:\/\/discover-src.satzbaustein.de\/en\/wp-content\/uploads\/2017\/05\/Christopher-Nyakuni.jpg\"><img loading=\"lazy\" decoding=\"async\" class=\"alignleft wp-image-791\" src=\"http:\/\/discover-src.satzbaustein.de\/en\/wp-content\/uploads\/2017\/05\/Christopher-Nyakuni-202x300.jpg\" sizes=\"auto, (max-width: 50px) 100vw, 50px\" srcset=\"https:\/\/discover-src.net\/en\/wp-content\/uploads\/2017\/05\/Christopher-Nyakuni-202x300.jpg 202w, https:\/\/discover-src.net\/en\/wp-content\/uploads\/2017\/05\/Christopher-Nyakuni.jpg 220w\" alt=\"\" width=\"50\" height=\"74\" \/><\/a><a href=\"mailto:christophernyakuni@gmail.com\">Christopher Nyakuni<\/a> arbeitet in Lodonga. Von Beruf ist er Ausbilder von Katecheten in der Dioz\u00f6se Arua. Er bildet sie aber auch weiter in nat\u00fcrlicher Gesundheitsvorsorge und in Konfliktl\u00f6sungs-Strategien. Im Dorf Lodonga hat er ein lokales &#8222;Friedens-Team&#8220; gegr\u00fcndet und koordieniert au\u00dferdem eine erfolgreiche Spargruppe. In seinem Heimatort Nyirivu hat er die Organisation zur F\u00f6rderung der Gemeindeentwicklung &#8222;Jaford&#8220; (Joint Action for Rural Development &#8211; Gemeinsame Aktion zur l\u00e4ndlichen Entwicklung) gegr\u00fcndet, die im Dorf Kurse anbietet und erheblich dazu beigetragen hat, die Konflikte zwischen rivalisierenden Clans zu verringern.<\/p>\n<p><a href=\"http:\/\/discover-src.satzbaustein.de\/en\/wp-content\/uploads\/2017\/05\/Rehema-2015.jpg\"><img loading=\"lazy\" decoding=\"async\" class=\"alignleft wp-image-792\" src=\"http:\/\/discover-src.satzbaustein.de\/en\/wp-content\/uploads\/2017\/05\/Rehema-2015-217x300.jpg\" sizes=\"auto, (max-width: 54px) 100vw, 54px\" srcset=\"https:\/\/discover-src.net\/en\/wp-content\/uploads\/2017\/05\/Rehema-2015-217x300.jpg 217w, https:\/\/discover-src.net\/en\/wp-content\/uploads\/2017\/05\/Rehema-2015-768x1060.jpg 768w, https:\/\/discover-src.net\/en\/wp-content\/uploads\/2017\/05\/Rehema-2015-742x1024.jpg 742w, https:\/\/discover-src.net\/en\/wp-content\/uploads\/2017\/05\/Rehema-2015.jpg 1001w\" alt=\"\" width=\"54\" height=\"75\" \/><\/a><a href=\"mailto:r_namyalo@yahoo.com\">Rehema Namyalo<\/a> koordiniert Vumbula Masaka (d. h. Discover Masaka). Rehema ist sehr erfahren in biologischem Anbau von Nahrungsmitteln, eine erfolgreiche Praktizierende der nat\u00fcrlichen Medizin und eine hervorragende Leiterin von Fortbildungskursen. Sie hat ihre eigene Heilkr\u00e4uter-Apotheke mit der sie erfolgreich ein weites Spektrum von gesundheitlichen Problemen behandeln kann, sie war selbst in solchen F\u00e4llen erfolgreich, in denen die Behandlungen der offiziellen Gesundheitsf\u00fcrsorge keinen Erfolg brachten. Im August 2019 werden Rehema und ihre KollegInnen Andrew Kyambadde (Pfarrer and Landwirt) and Evelyne Nakamatte (Schulleiterin an einer weiterbildenden Schule) einen weiteren intensiven siebent\u00e4gigen Fortbildungskurs im Dorf Nakaziba im Bezirk Kiboga in Uganda durchf\u00fchren. Sie sind eingeladen mitzumachen! <a href=\"http:\/\/discover-src.net\/en\/wp-content\/uploads\/2019\/04\/2019-04-Invitation-to-training-seminar-in-Nakaziba-village.pdf\" target=\"_blank\" rel=\"noopener noreferrer\">Infos<\/a>.<\/p>\n<p><a href=\"http:\/\/discover-src.satzbaustein.de\/en\/wp-content\/uploads\/2017\/05\/Eric-2017.jpg\"><img loading=\"lazy\" decoding=\"async\" class=\"alignleft wp-image-795\" src=\"http:\/\/discover-src.satzbaustein.de\/en\/wp-content\/uploads\/2017\/05\/Eric-2017-214x300.jpg\" sizes=\"auto, (max-width: 56px) 100vw, 56px\" srcset=\"https:\/\/discover-src.net\/en\/wp-content\/uploads\/2017\/05\/Eric-2017-214x300.jpg 214w, https:\/\/discover-src.net\/en\/wp-content\/uploads\/2017\/05\/Eric-2017.jpg 457w\" alt=\"\" width=\"56\" height=\"79\" \/><\/a><a href=\"mailto:kihulukawalya2@gmail.com\">Eric Kihuluka<\/a> koordiniert das Projekt Mikwano (= Freundschaft) in Kaliro und hat dort die Unterst\u00fctzung sowohl der \u00f6rtlichen Beh\u00f6rden als auch der Clanchefs und des lokalen K\u00f6nigs erhalten. Sie haben ein Ausbildungsprogramm f\u00fcr Lehrer und Sch\u00fcler an allen 220 Schulen des Bezirks gestartet mit Schwerpunkt in gesunder Ern\u00e4hrung und Hygiene. Sie legen zusammen Schulg\u00e4rten an und entwickeln M\u00f6glichkeiten zur Einrichtung von Mittagessen f\u00fcr die Kinder und Lehrer an den Schulen. Musik, Tanz und Drama sind als Unterrichtsf\u00e4cher eingerichtet worden, die die Zusammenarbeit sehr f\u00f6rdern und dabei auch eine Menge Spa\u00df machen. Mikwano richtet gerade einen Vorzeige-Bauernhof mit Gem\u00fcse-und Kr\u00e4utergarten ein mit einem Geb\u00e4ude, das als Schulungszentrum dem ganzen Distrikt zur Verf\u00fcgung steht.<\/p>\n<p>Das<strong> Kasese Netzwerk<\/strong> umfasst die folgenden drei aufgelisteten Projekte. Sie haben erfolgreich gemeinsame Fortbildungsveranstaltungen durchgef\u00fchrt, die nicht nur nat\u00fcrliche Gesundheitsvorsorge umfassten sondern auch den Bau energie-effizienter Herdstellen, Ma\u00dfnahmen zur Erzeugung von Einkommen, Anbau von Pilzen, Konfliktl\u00f6sungs-Strategien und die erfolgreiche Bew\u00e4ltigung von D\u00fcrreperioden. Jeder dieser Themenbereiche wurde von unseren Partnern als Antwort auf die Nachfrage der Menschen vor Ort zur Bew\u00e4ltigung ihrer dringendsten Probleme ausgew\u00e4hlt. Das Thema Bew\u00e4ltigung der D\u00fcrreperioden umfasst das Pflanzen d\u00fcrre-resistenter Gem\u00fcsesorten aus traditionellem Anbau, den Bau von Regenwasser-Sammelanlagen, den Anbau von B\u00e4umen und die Behandlung von Gesundheitsproblemen, die durch anhaltende D\u00fcrreperioden verursacht werden.<\/p>\n<p><a href=\"https:\/\/discover-src.net\/de\/wp-content\/uploads\/2019\/06\/Emmanuel-Masereka-2.jpg\"><img loading=\"lazy\" decoding=\"async\" class=\"alignleft wp-image-2169\" src=\"https:\/\/discover-src.net\/de\/wp-content\/uploads\/2019\/06\/Emmanuel-Masereka-2.jpg\" alt=\"\" width=\"47\" height=\"72\" srcset=\"https:\/\/discover-src.net\/de\/wp-content\/uploads\/2019\/06\/Emmanuel-Masereka-2.jpg 223w, https:\/\/discover-src.net\/de\/wp-content\/uploads\/2019\/06\/Emmanuel-Masereka-2-194x300.jpg 194w\" sizes=\"auto, (max-width: 47px) 100vw, 47px\" \/><\/a><a href=\"mailto:biogardns@gmail.com\">Emmanuel Masereka<\/a>, Projektleiter der Bio-G\u00e4rten in der N\u00e4he von Kasese am Fu\u00df der Rwenzori Mountains. Die Hauptarbeit der Bio-G\u00e4rten liegt in der Fortbildung der Bauern in biologischer Landwirtschaft.<\/p>\n<p>&nbsp;<\/p>\n<p><a href=\"http:\/\/discover-src.satzbaustein.de\/en\/wp-content\/uploads\/2017\/05\/Kenja-Thomas.jpg\"><img loading=\"lazy\" decoding=\"async\" class=\"alignleft wp-image-799\" src=\"http:\/\/discover-src.satzbaustein.de\/en\/wp-content\/uploads\/2017\/05\/Kenja-Thomas-243x300.jpg\" sizes=\"auto, (max-width: 49px) 100vw, 49px\" srcset=\"https:\/\/discover-src.net\/en\/wp-content\/uploads\/2017\/05\/Kenja-Thomas-243x300.jpg 243w, https:\/\/discover-src.net\/en\/wp-content\/uploads\/2017\/05\/Kenja-Thomas.jpg 279w\" alt=\"\" width=\"49\" height=\"60\" \/><\/a><a href=\"mailto:maserekatom1@gmail.com\">Kenja Thomas<\/a>, Projektleiter der IPOA Witwen- und Waisen-Gruppe in den D\u00f6rfern Kighenge und Karujumba am Fu\u00df der Rwenzori Mountains.<\/p>\n<p>&nbsp;<\/p>\n<p><a href=\"http:\/\/discover-src.satzbaustein.de\/en\/wp-content\/uploads\/2016\/10\/Bwambale-Robert.jpg\"><img loading=\"lazy\" decoding=\"async\" class=\"alignleft wp-image-66\" src=\"http:\/\/discover-src.satzbaustein.de\/en\/wp-content\/uploads\/2016\/10\/Bwambale-Robert-196x300.jpg\" alt=\"\" width=\"47\" height=\"72\" srcset=\"https:\/\/discover-src.net\/de\/wp-content\/uploads\/2016\/10\/Bwambale-Robert-196x300.jpg 196w, https:\/\/discover-src.net\/de\/wp-content\/uploads\/2016\/10\/Bwambale-Robert-668x1024.jpg 668w, https:\/\/discover-src.net\/de\/wp-content\/uploads\/2016\/10\/Bwambale-Robert.jpg 698w\" sizes=\"auto, (max-width: 47px) 100vw, 47px\" \/><\/a><a href=\"Mailto:robertmug1975@gmail.com\">Robert Bwambale<\/a>, Koordinator von Bumbura Maliba (= Discover Maliba), eine wachsende Gemeinschaft von inzwischen 74 Mitgliedern in Maliba bei Kasese.<\/p>\n<p>&nbsp;<\/p>\n<p><a href=\"http:\/\/discover-src.satzbaustein.de\/en\/wp-content\/uploads\/2017\/05\/Jpseph-and-Milly-Grace-Ogwal-3-reduced.jpg\"><img loading=\"lazy\" decoding=\"async\" class=\"alignleft wp-image-826\" src=\"http:\/\/discover-src.satzbaustein.de\/en\/wp-content\/uploads\/2017\/05\/Jpseph-and-Milly-Grace-Ogwal-3-reduced-300x268.jpg\" sizes=\"auto, (max-width: 76px) 100vw, 76px\" srcset=\"https:\/\/discover-src.net\/en\/wp-content\/uploads\/2017\/05\/Jpseph-and-Milly-Grace-Ogwal-3-reduced-300x268.jpg 300w, https:\/\/discover-src.net\/en\/wp-content\/uploads\/2017\/05\/Jpseph-and-Milly-Grace-Ogwal-3-reduced.jpg 600w\" alt=\"\" width=\"76\" height=\"68\" \/><\/a><a href=\"mailto:ogwal.joseph@gmail.com\">Joseph and Milly Grace Ogwal<\/a> koordinieren das J\u00dcPOA Projekt in Lira. Sie arbeiten dort mit Gemeinden und Schulen zusammen. Sie haben ein weites Spektrum an Naturheilmitteln entwickelt und sch\u00fctzen heimische Baumarten, damit diese weiterhin erhalten bleiben. Sie erarbeiten gerade ein intensives <a href=\"http:\/\/discover-src.net\/en\/wp-content\/uploads\/2017\/10\/2017-05-Discover-Program-Action-Manual-Di-PAM.pdf\" target=\"_blank\" rel=\"noopener noreferrer\">Discover Aktions-Programm.<\/a><\/p>\n<p><a href=\"http:\/\/discover-src.satzbaustein.de\/en\/wp-content\/uploads\/2017\/05\/David-Heather.jpg\"><img loading=\"lazy\" decoding=\"async\" class=\"alignleft wp-image-803\" src=\"http:\/\/discover-src.satzbaustein.de\/en\/wp-content\/uploads\/2017\/05\/David-Heather-300x196.jpg\" sizes=\"auto, (max-width: 96px) 100vw, 96px\" srcset=\"https:\/\/discover-src.net\/en\/wp-content\/uploads\/2017\/05\/David-Heather-300x196.jpg 300w, https:\/\/discover-src.net\/en\/wp-content\/uploads\/2017\/05\/David-Heather-768x501.jpg 768w, https:\/\/discover-src.net\/en\/wp-content\/uploads\/2017\/05\/David-Heather.jpg 927w\" alt=\"\" width=\"96\" height=\"63\" \/><\/a><a href=\"mailto:sharlandhd@gmail.com\">David and Heather Sharland<\/a>, Heather is Krankenschwester und David ein gelernter Landwirt, sie leben in Arua. David hat das Eden-Projekt entwickelt, ein prachtvoller Ausbildungs- und Vorzeige-Garten mit Gem\u00fcsen, Heilpflanzen und n\u00fctzlichen B\u00e4umen.<\/p>\n<p>&nbsp;<\/p>\n<p><a href=\"http:\/\/discover-src.satzbaustein.de\/en\/wp-content\/uploads\/2016\/10\/Enid-Kiviri.jpg\"><img loading=\"lazy\" decoding=\"async\" class=\"alignleft wp-image-69\" src=\"http:\/\/discover-src.satzbaustein.de\/en\/wp-content\/uploads\/2016\/10\/Enid-Kiviri-203x300.jpg\" sizes=\"auto, (max-width: 56px) 100vw, 56px\" srcset=\"https:\/\/discover-src.net\/en\/wp-content\/uploads\/2016\/10\/Enid-Kiviri-203x300.jpg 203w, https:\/\/discover-src.net\/en\/wp-content\/uploads\/2016\/10\/Enid-Kiviri-768x1137.jpg 768w, https:\/\/discover-src.net\/en\/wp-content\/uploads\/2016\/10\/Enid-Kiviri-692x1024.jpg 692w\" alt=\"\" width=\"56\" height=\"83\" \/><\/a><a href=\"mailto:ekiviri@yahoo.com\">Enid Kiviri<\/a> in Kampala koordiniert Vumbula Kalerwe, eine aktive Gruppe von Menschen, die ihr Bestes dazu beitragen, den Gesundheitszustand und das Wohlergehen der Menschen in der rauhen st\u00e4dtischen Umgebungen zu verbessern.<\/p>\n<p>&nbsp;<\/p>\n<p><a href=\"http:\/\/www.scopefoundationug.org\/\"><img loading=\"lazy\" decoding=\"async\" class=\"alignleft wp-image-945\" src=\"http:\/\/discover-src.net\/en\/wp-content\/uploads\/2017\/08\/Scope-Foundation-300x247.jpg\" sizes=\"auto, (max-width: 107px) 100vw, 107px\" srcset=\"https:\/\/discover-src.net\/en\/wp-content\/uploads\/2017\/08\/Scope-Foundation-300x247.jpg 300w, https:\/\/discover-src.net\/en\/wp-content\/uploads\/2017\/08\/Scope-Foundation.jpg 350w\" alt=\"\" width=\"107\" height=\"88\" \/><\/a><\/p>\n<p id=\"yui_3_14_1_1_1502139301331_5323\">Daniel Twesige in Jinja koordiniert die Scope Foundation in Uganda, welche dem derzeitigen Bedarf von Einrichtungen zur Unterst\u00fctzung von Kindern, deren Eltern Haftstrafen verb\u00fc\u00dfen, nachkommt. Ihr Projekt mit dem Namen &#8222;Protection, Empowerment and Advocacy approach (PEA)&#8220; &#8211; &#8222;Methode Schutz, St\u00e4rkung und F\u00fcrsprache&#8220; schafft eine Umgebung f\u00fcr die Kinder, in der diese \u00fcberleben und sich positiv entwickeln k\u00f6nnen und gibt ihnen die M\u00f6glichkeit, sich ganzheitlich zu entwickeln.<\/p>\n<p>Wir sind ebenfalls stolz auf die enge Verbindung mit folgenden PartnerInnen: Anna and William Mwesigye von der Emmaus Gemeinschaft in der N\u00e4he von Luweru, Judith Bakirya der Busaino Fruits &amp; Herbs in Jinja, Tony Wambazu und Yusuf Makabale in der N\u00e4he von Mbale, Waiswa Samuel in Iganga und Alex Macakadho in Pakwach.<\/p>\n<p style=\"text-align: center;\"><a href=\"https:\/\/discover-src.net\/de\/wp-content\/uploads\/2020\/03\/Discover-Partner-in-Uganda.jpg\"><img loading=\"lazy\" decoding=\"async\" class=\" wp-image-1995 aligncenter\" src=\"https:\/\/discover-src.net\/de\/wp-content\/uploads\/2020\/03\/Discover-Partner-in-Uganda-727x1024.jpg\" alt=\"\" width=\"348\" height=\"500\" \/><\/a>(Zum Vergr\u00f6\u00dfern anklicken)<\/p>\n<h1 style=\"text-align: center;\">Unsere Partner in Kenia, Simbabwe und Ghana<\/h1>\n<h3 style=\"text-align: center;\">Kenia<\/h3>\n<p><a href=\"http:\/\/discover-src.satzbaustein.de\/en\/wp-content\/uploads\/2017\/05\/Christopher-Nyakuni.jpg\"><img loading=\"lazy\" decoding=\"async\" class=\"alignleft wp-image-767 size-full\" src=\"https:\/\/discover-src.net\/en\/wp-content\/uploads\/2017\/05\/REAP-Logo-jpeg-small.jpg\" alt=\"\" width=\"72\" height=\"77\" \/><\/a><a href=\"http:\/\/reap-eastafrica.org\/reap\/\">REAP<\/a> (Rural Extension with Africa\u2019s Poor) ist ein christliches landwirtschaftlich ausgerichtetes Projekt mit Sitz in Kenia, das von Dr. Roger Sharland organisiert wird. REAP schloss sich sich vor einigen Jahren anamed an (s. Partner in Europa) und integrierte Nat\u00fcrliche Medizin in sein Fortbildungsprogramm. In Kisumu hat REAP einen wundersch\u00f6nen Garten angelegt mit traditionellen Gem\u00fcsesorten und anderen Nahrungs- und medizinischen Pflanzen. Sie setzen nachhaltige Methoden des Anbaus ein deren Grunprinzip die nachhaltige Pflege des Ackerbodens ist. Wir sind dieser Gruppe sehr dankbar daf\u00fcr, dass diese hervorragende Fortbildungsm\u00f6glichkeiten auch den Partnern von Discover zur Verf\u00fcgung stehen. Wir haben gemeinsam mit REAP in Butere Menschen in nat\u00fcrlicher Gesundheitsvorsorge weitergebildet. <a href=\"mailto:reapke@gmail.com\">Roger Sharland<\/a> und <a href=\"mailto:royweka@yahoo.com\">Rosalia Oyweka<\/a>.<\/p>\n<p><a href=\"http:\/\/discover-src.satzbaustein.de\/en\/wp-content\/uploads\/2017\/05\/Fweny.jpg\"><img loading=\"lazy\" decoding=\"async\" class=\"alignleft wp-image-768\" src=\"http:\/\/discover-src.satzbaustein.de\/en\/wp-content\/uploads\/2017\/05\/Fweny-300x160.jpg\" sizes=\"auto, (max-width: 120px) 100vw, 120px\" srcset=\"https:\/\/discover-src.net\/en\/wp-content\/uploads\/2017\/05\/Fweny-300x160.jpg 300w, https:\/\/discover-src.net\/en\/wp-content\/uploads\/2017\/05\/Fweny-768x409.jpg 768w, https:\/\/discover-src.net\/en\/wp-content\/uploads\/2017\/05\/Fweny.jpg 1014w\" alt=\"\" width=\"120\" height=\"64\" \/><\/a>Das Fweny Netzwerk in S\u00fcd-Nyanza besteht aus etwa zw\u00f6lf Selbsthilfegruppen. Sie bieten allen Selbsthilfegruppen im Bezirk Kurse in nat\u00fcrlicher Gesundheitsvorsorge und weiteren damit zusammenh\u00e4ngenden Themenbereichen an.<\/p>\n<p>&nbsp;<\/p>\n<p><a href=\"mailto:tamima_ajul@yahoo.com\">Tamima Omondi<\/a> in Oyugis<a href=\"http:\/\/discover-src.net\/en\/wp-content\/uploads\/2017\/07\/Tamima-portrait-2.jpg\"><img loading=\"lazy\" decoding=\"async\" class=\"wp-image-864 alignleft\" src=\"http:\/\/discover-src.net\/en\/wp-content\/uploads\/2017\/07\/Tamima-portrait-2-245x300.jpg\" sizes=\"auto, (max-width: 78px) 100vw, 78px\" srcset=\"https:\/\/discover-src.net\/en\/wp-content\/uploads\/2017\/07\/Tamima-portrait-2-245x300.jpg 245w, https:\/\/discover-src.net\/en\/wp-content\/uploads\/2017\/07\/Tamima-portrait-2.jpg 336w\" alt=\"\" width=\"78\" height=\"96\" \/><\/a>,<\/p>\n<p>&nbsp;<\/p>\n<p>&nbsp;<\/p>\n<p><a href=\"mailto:Awinobeldina@yahoo.com\">Beldine Ajwang<\/a> in Kendu Bay<a href=\"http:\/\/discover-src.net\/en\/wp-content\/uploads\/2017\/07\/Beldine.jpg\"><img loading=\"lazy\" decoding=\"async\" class=\"alignleft wp-image-868\" src=\"http:\/\/discover-src.net\/en\/wp-content\/uploads\/2017\/07\/Beldine-253x300.jpg\" sizes=\"auto, (max-width: 92px) 100vw, 92px\" srcset=\"https:\/\/discover-src.net\/en\/wp-content\/uploads\/2017\/07\/Beldine-253x300.jpg 253w, https:\/\/discover-src.net\/en\/wp-content\/uploads\/2017\/07\/Beldine.jpg 628w\" alt=\"\" width=\"92\" height=\"109\" \/><\/a><\/p>\n<p>und Philemon Okot in Oyugis.<\/p>\n<\/section>\n<p>&nbsp;<\/p>\n<p>&nbsp;<\/p>\n<section class=\"entry-content\"><a href=\"http:\/\/discover-src.satzbaustein.de\/en\/wp-content\/uploads\/2017\/05\/Florida-Nyaga-2.jpg\"><img loading=\"lazy\" decoding=\"async\" class=\"wp-image-809 alignleft\" src=\"http:\/\/discover-src.satzbaustein.de\/en\/wp-content\/uploads\/2017\/05\/Florida-Nyaga-2-244x300.jpg\" sizes=\"auto, (max-width: 81px) 100vw, 81px\" srcset=\"https:\/\/discover-src.net\/en\/wp-content\/uploads\/2017\/05\/Florida-Nyaga-2-244x300.jpg 244w, https:\/\/discover-src.net\/en\/wp-content\/uploads\/2017\/05\/Florida-Nyaga-2.jpg 304w\" alt=\"\" width=\"81\" height=\"100\" \/><\/a><a href=\"mailto:floridanyaga@gmail.com\">Florida Nyaga<\/a> koordiniert die Mazingira Selbsthilfegruppe in Ruguta in der N\u00e4he von Chuka und dem Mount Kenya\u00a0 und sie leitet einen sehr aktiven Gesundheitsclub an der Grundschule an der sie unterrichtet. Die Kendamenua Association hat ihren Sitz auch in Ruguta, sie stellen Produkte in nat\u00fcrlicher Medizin her und ihr Ziel ist es, viele in ihrem Bezirk darin weiterzubilden. Ganz in der N\u00e4he in Mwiria koordiniert <a href=\"mailto:annahgatea4c@yahoo.com\">Anna Gatea<\/a> Christian Concern for Health und bildet die \u00f6rtliche Dorfgemeinschaft in nat\u00fcrlicher Gesundheitsvorsorge aus. In Nairobi und Makachos koordinieren <a href=\"mailto:rebnakenya@gmail.com\">Rebecca Nzuki<\/a> und <a href=\"mailto:nzukisammy.7@gmail.com\">Sammy Nzuki<\/a> viele Gruppen unter der Schirmherrschaft der Heilsarmee.<\/section>\n<section class=\"entry-content\">\n<h3 style=\"text-align: center;\">Simbabwe<\/h3>\n<p><img loading=\"lazy\" decoding=\"async\" class=\" wp-image-1534 alignleft\" src=\"http:\/\/discover-src.net\/en\/wp-content\/uploads\/2018\/09\/Joachem-Nyamande-2-200x300.jpg\" sizes=\"auto, (max-width: 73px) 100vw, 73px\" srcset=\"https:\/\/discover-src.net\/en\/wp-content\/uploads\/2018\/09\/Joachem-Nyamande-2-200x300.jpg 200w, https:\/\/discover-src.net\/en\/wp-content\/uploads\/2018\/09\/Joachem-Nyamande-2-682x1024.jpg 682w, https:\/\/discover-src.net\/en\/wp-content\/uploads\/2018\/09\/Joachem-Nyamande-2.jpg 719w\" alt=\"\" width=\"73\" height=\"110\" \/><a href=\"mailto:jnyamande47@gmail.com\">Joachem Hatizivi Nyamande<\/a> in Simbabwe ist der Gr\u00fcnder und Koordinator von Discover Zimbabwe und ist besonders aktiv in Manicaland. Joachem war \u00fcber viele Jahre Direktor der Di\u00f6zese des Mutare Community Care Programms. Als Teil seines Arbeitsbereiches beaufsichtigte er zwischen 2006 und 2010 die Arbeit von mehreren Krankenstationen und f\u00fchrte Fortbildungsveranstaltungen mit Nelson Moyo aus Malawi und Keith Lindsey durch. Im Jahr 2017 erhielt er in Simbabwe die renommierte Auszeichnung als &#8222;NGO-Direktor des Jahres&#8220;.<\/p>\n<h3 style=\"text-align: center;\">Ghana<\/h3>\n<p><img loading=\"lazy\" decoding=\"async\" class=\"wp-image-1535 alignleft\" src=\"http:\/\/discover-src.net\/en\/wp-content\/uploads\/2018\/09\/George-Zokli-2018.jpg\" alt=\"\" width=\"73\" height=\"116\" \/><a href=\"mailto:zoklig@yahoo.com\">George Zokli<\/a> in Ghana ist seit langem ein Moringa-Experte, der in Ghana und in den Ewe-sprachigen Gebieten in Togo Menschen in nat\u00fcrlicher Gesundheitsvorsorge ausbildet. Sein Unternehmergeist hat ihn unter anderem auch dazu gef\u00fchrt, au\u00dferordentlich k\u00f6stliche Gesundheits-S\u00e4fte und -Tees herzustellen, die eine Auswahl der besten Zutaten aus dem Anbau auf seinem Bauernhof enthalten.<\/p>\n<\/section>\n","protected":false},"excerpt":{"rendered":"<p>Partner in\u00a0Afrika Mit den hier aufgef\u00fchrten Menschen und Gruppen arbeiten wir am engsten zusammen. Wir haben vollstes Vertrauen in sie und ihre Arbeit. Es besteht ein regelm\u00e4\u00dfiger und intensiver Kontakt zu ihnen. Wir geben ihnen moralische Unterst\u00fctzung und Ermunterung, und soweit es uns m\u00f6glich ist, unterst\u00fctzen wir sie auch finanziell. Sie geben uns R\u00fcckmeldung \u00fcber [&hellip;]<\/p>\n","protected":false},"author":1,"featured_media":0,"parent":551,"menu_order":0,"comment_status":"closed","ping_status":"closed","template":"","meta":{"ngg_post_thumbnail":0,"footnotes":""},"class_list":["post-1530","page","type-page","status-publish","hentry"],"_links":{"self":[{"href":"https:\/\/discover-src.net\/de\/wp-json\/wp\/v2\/pages\/1530","targetHints":{"allow":["GET"]}}],"collection":[{"href":"https:\/\/discover-src.net\/de\/wp-json\/wp\/v2\/pages"}],"about":[{"href":"https:\/\/discover-src.net\/de\/wp-json\/wp\/v2\/types\/page"}],"author":[{"embeddable":true,"href":"https:\/\/discover-src.net\/de\/wp-json\/wp\/v2\/users\/1"}],"replies":[{"embeddable":true,"href":"https:\/\/discover-src.net\/de\/wp-json\/wp\/v2\/comments?post=1530"}],"version-history":[{"count":45,"href":"https:\/\/discover-src.net\/de\/wp-json\/wp\/v2\/pages\/1530\/revisions"}],"predecessor-version":[{"id":2170,"href":"https:\/\/discover-src.net\/de\/wp-json\/wp\/v2\/pages\/1530\/revisions\/2170"}],"up":[{"embeddable":true,"href":"https:\/\/discover-src.net\/de\/wp-json\/wp\/v2\/pages\/551"}],"wp:attachment":[{"href":"https:\/\/discover-src.net\/de\/wp-json\/wp\/v2\/media?parent=1530"}],"curies":[{"name":"wp","href":"https:\/\/api.w.org\/{rel}","templated":true}]}}