{"id":1525,"date":"2019-06-08T23:57:53","date_gmt":"2019-06-08T21:57:53","guid":{"rendered":"https:\/\/discover-src.net\/de\/?page_id=1525"},"modified":"2020-02-03T21:13:01","modified_gmt":"2020-02-03T20:13:01","slug":"partner-in-europa","status":"publish","type":"page","link":"https:\/\/discover-src.net\/de\/partner\/partner-in-europa\/","title":{"rendered":"Partner in Europa"},"content":{"rendered":"<h1 style=\"text-align: center;\">Partner in Europa<\/h1>\n<p style=\"text-align: center;\">Wir sind sehr dankbar f\u00fcr die Zusammenarbeit mit den hier aufgef\u00fchrten Organisationen.<br \/>\nEin Klick auf das jeweilige Logo f\u00fchrt Sie auf die Seite der Organisation.<\/p>\n<p><strong><a href=\"https:\/\/anamed.org\/en\/\" target=\"_blank\" rel=\"noopener noreferrer\"><img loading=\"lazy\" decoding=\"async\" class=\"wp-image-745 alignleft\" src=\"https:\/\/discover-src.net\/en\/wp-content\/uploads\/2017\/05\/Anamed_LOGO-Dec-2009-small-214x300.jpg\" sizes=\"auto, (max-width: 95px) 100vw, 95px\" srcset=\"https:\/\/discover-src.net\/en\/wp-content\/uploads\/2017\/05\/Anamed_LOGO-Dec-2009-small-214x300.jpg 214w, https:\/\/discover-src.net\/en\/wp-content\/uploads\/2017\/05\/Anamed_LOGO-Dec-2009-small.jpg 285w\" alt=\"\" width=\"95\" height=\"133\" \/><\/a><a href=\"https:\/\/anamed.org\/en\/\" target=\"_blank\" rel=\"noopener noreferrer\">anamed international<\/a><\/strong>. Discover ist anamed international und seinem Gr\u00fcnder, dem Apotheker Dr. Hans-Martin Hirt, zu gro\u00dfem Dank verpflichtet. Er hatte die hervorragende Idee, seine Erfahrung und Fertigkeiten als Apotheker daf\u00fcr einzusetzen, gute Verfahren zur Herstellung nat\u00fcrlicher Heilmittel zu entwickeln, inklusive deren genaue Dosierung und Angaben zu Nebenwirkungen sowie guter Methoden zu deren Haltbarmachung und Lagerung. Schon seit \u00fcber 30 Jahren gibt er dieses Wissen in vielen tropischen L\u00e4ndern weiter. Seine Brosch\u00fcren \u201c<a href=\"https:\/\/www.anamed-edition.com\/en\/catalogue.html\">Natural Medicine in the Tropics<\/a>\u201d, die von anamed ver\u00f6ffentlicht wurden und bei denen Keith Lindsey mitwirkte, sind auch heute noch au\u00dferordentlich gute und hilfreiche Grundlagen und Nachschlagewerke, die auch von Discover seinen Partnern zur Informationsbeschaffung empfohlen werden. Das umfassendste Buch ist\u00a0 <em>\u201cNatural Medicine in the Tropics I: Foundation Text\u201d<\/em> (Hirt und M\u2019Pia), in welchem beschrieben wird, wie man nat\u00fcrliche Medizin aus Heilkr\u00e4utern und Seife herstellt, es beschreibt 15 wichtige Pflanzen sehr ausf\u00fchrlich und weitere 60 Pflanzen in\u00a0 knapper Form.<\/p>\n<p><a href=\"https:\/\/chipspeace.org\/\" target=\"_blank\" rel=\"noopener noreferrer\"><img loading=\"lazy\" decoding=\"async\" class=\" wp-image-1828 alignleft\" src=\"https:\/\/discover-src.net\/en\/wp-content\/uploads\/2019\/05\/CHIPS12-300x175.png\" sizes=\"auto, (max-width: 145px) 100vw, 145px\" srcset=\"https:\/\/discover-src.net\/en\/wp-content\/uploads\/2019\/05\/CHIPS12-300x175.png 300w, https:\/\/discover-src.net\/en\/wp-content\/uploads\/2019\/05\/CHIPS12.png 562w\" alt=\"\" width=\"145\" height=\"85\" \/><\/a><strong><a href=\"http:\/\/www.chipspeace.org\/\">CHIPS<\/a>, Christian International Peace Service <\/strong>(Internationaler Christlicher Friedensdienst), ist eine Organisation, die seit \u00fcber 50 Jahren in Gebieten mit gro\u00dfen Spannungen und Konflikten aktiv ist. Gruppen von Menschen beider Konfliktseiten leben, arbeiten und beten zusammen in einer kleinen Gemeinschaft im Zentrum des Unruhegebiets. Sie organisieren Projekte, die zur Vertrauensbildung zwischen den in Konflikt stehenden Gemeinden beitragen. Discover ist bevorzugter Partner von CHIPS in Uganda und Ghana. Dort hat die Schulung in nat\u00fcrlicher Gesundheitsvorsorge sowohl zur Verbesserung der Gesundheit und Ern\u00e4hrung als auch zum Aufbau gegenseitigen Vertrauens zwischen den Gemeinden gef\u00fchrt.<\/p>\n<p><a href=\"http:\/\/www.weltladen-winnenden.de\/\"><strong>Eine Welt Winnenden und Umgebung e.V.\u00a0<\/strong><\/a> Wir erfreuen uns einer engen Verbindung mit \u201cEine Welt Winnenden\u201d (One World Winnenden). Diese Gruppe betreibt in unserer Stadt einen sehr erfolgreichen Fair Trade Laden. Wir arbeiten hier in Winnenden zusammen wann immer sich eine M\u00f6glichkeit der Zusammenarbeit bietet in der F\u00f6rderung der Themenbereiche, die beiden Gruppen am wichtigsten sind, aber auch im Bereich der Weiterbildung und Schulung. Unsere letzte gemeinsame Arbeit war das Vorantreiben des Recyclings von Handys und Smartphones.<\/p>\n<p><strong><a href=\"https:\/\/www.saleminternational.org\/\" target=\"_blank\" rel=\"noopener noreferrer\"><img loading=\"lazy\" decoding=\"async\" class=\"wp-image-754 alignleft\" src=\"http:\/\/discover-src.net\/en\/wp-content\/uploads\/2017\/05\/Salem.jpg\" alt=\"\" width=\"107\" height=\"78\" \/><\/a>SALEM<\/strong> ist ein langj\u00e4hriges und breit gef\u00e4chertes Projekt mit Sitz in Deutschland, dessen Schwerpunkte in Friedensarbeit, dem Aufforsten von B\u00e4umen und der Unterst\u00fctzung Not leidender Menschen liegt. Ihre Projektpartner in Togo und Uganda haben mehrere Fortbildungskurse in nat\u00fcrlicher Gesundheitsvorsorge ausgerichtet. Sowohl in Togo als auch in Uganda betreibt Salem ein wichtiges Projekt zur Wiederaufforstung. Ein wichtiger Teil ihrer Arbeit in Togo liegt im Anbau und der Anwendung nat\u00fcrlicher Heilpflanzen, und in Uganda veranstalten unsere Partner Ausbildungen in nat\u00fcrlicher Gesundheitsvorsorge und gesunder Ern\u00e4hrung, die jeweils in mehreren benachbarten D\u00f6rfern durchgef\u00fchrt werden.<\/p>\n<p><a href=\"http:\/\/www.ugandanetworks.org\/\"><img loading=\"lazy\" decoding=\"async\" class=\"alignleft wp-image-757\" src=\"http:\/\/discover-src.satzbaustein.de\/en\/wp-content\/uploads\/2017\/05\/UgandaNetworksMshiplogoMedium.jpg\" sizes=\"auto, (max-width: 82px) 100vw, 82px\" srcset=\"https:\/\/discover-src.net\/en\/wp-content\/uploads\/2017\/05\/UgandaNetworksMshiplogoMedium.jpg 250w, https:\/\/discover-src.net\/en\/wp-content\/uploads\/2017\/05\/UgandaNetworksMshiplogoMedium-150x150.jpg 150w\" alt=\"\" width=\"82\" height=\"82\" \/><\/a><strong>Uganda Networks<\/strong> ist ein in Gro\u00dfbritannien arbeitendes Netzwerk von vielen Projekten mit freiwilligen Mitarbeitern. Seine Arbeit erstreckt sich \u00fcber ganz Uganda und konzentriert sich \u00fcberwiegend auf Hilfestellung zur Weitergabe und Verbreitung von Informationen.<\/p>\n<p>&nbsp;<\/p>\n<p><a href=\"http:\/\/www.busaruhilfe.de\/\" target=\"_blank\" rel=\"noopener noreferrer\"><img loading=\"lazy\" decoding=\"async\" class=\" wp-image-1893 alignleft\" src=\"https:\/\/discover-src.net\/en\/wp-content\/uploads\/2019\/06\/Busaruhilfe.png\" alt=\"\" width=\"134\" height=\"90\" \/><\/a>Wir freuen uns \u00fcber unsere enge Beziehung zu <a href=\"http:\/\/www.busaruhilfe.de\/\" target=\"_blank\" rel=\"noopener noreferrer\">Busaruhilfe Deutschland e.V.<\/a> . Ein Beispiel daf\u00fcr ist eine Fortbildung, die Vumbala Masaka im Auftrag von Discover f\u00fcr die Projektpartner der Busaruhilfe im Januar 2019 in Bundibugyo in Uganda veranstaltet hat.<\/p>\n<p>&nbsp;<\/p>\n<p><a href=\"http:\/\/www.artemisiafrau.de\" target=\"_blank\" rel=\"noopener noreferrer\">Hannelore Klabes<\/a> interessiert sich leidenschaftlich f\u00fcr <em>Artemisia annua<\/em> und arbeitet unerm\u00fcdlich in Burundi. Inzwischen pflanzen viele Menschen in Burundi Artemisia an und behandeln damit erfolgreich ihre Malaria-Infektion. Hannelores Begeisterung f\u00fcr dieses Thema kommt in ihren deutschsprachigen Ver\u00f6ffentlichungen zum Ausdruck.<\/p>\n<p><a href=\"https:\/\/www.sez.de\/\" target=\"_blank\" rel=\"noopener noreferrer\"><img loading=\"lazy\" decoding=\"async\" class=\" wp-image-1838 alignleft\" src=\"https:\/\/discover-src.net\/en\/wp-content\/uploads\/2019\/05\/SEZ-logo.jpg\" alt=\"\" width=\"145\" height=\"99\" \/><\/a><a href=\"https:\/\/www.sez.de\/\">Stiftung Entwicklungs-Zusammenarbeit Baden-W\u00fcrttemberg<\/a> ist eine vom Land Baden-W\u00fcrttemberg eingerichtete Stiftung, deren Ziel es ist, die B\u00fcrgerInnen des Landes zu ermutigen, eine aktive und konstruktive Rolle in dieser Welt einzunehmen und sie dabei f\u00f6rdernd zu unterst\u00fctzen.\u00a0 Discover ist dankbar f\u00fcr ihre Tipps und Ratschl\u00e4ge, ihre sehr interessanten und informativen Veranstaltungen und ihre finanzielle Unterst\u00fctzung unserer Projekte.<\/p>\n<p><a href=\"http:\/\/www.erbacher-stiftung.de\/en.html\" target=\"_blank\" rel=\"noopener noreferrer\"><img loading=\"lazy\" decoding=\"async\" class=\"size-medium wp-image-1881 alignleft\" src=\"https:\/\/discover-src.net\/en\/wp-content\/uploads\/2019\/06\/Erbacher-Stiftung-300x66.jpg\" sizes=\"auto, (max-width: 300px) 100vw, 300px\" srcset=\"https:\/\/discover-src.net\/en\/wp-content\/uploads\/2019\/06\/Erbacher-Stiftung-300x66.jpg 300w, https:\/\/discover-src.net\/en\/wp-content\/uploads\/2019\/06\/Erbacher-Stiftung.jpg 330w\" alt=\"\" width=\"300\" height=\"66\" \/><\/a><a href=\"http:\/\/www.erbacher-stiftung.de\/en.html\" target=\"_blank\" rel=\"noopener noreferrer\">Die ERBACHER Stiftung<\/a> unterst\u00fctzt Projekte der Entwicklungs-Zusammenarbeit in drei L\u00e4ndern, vor allem Tansania, Uganda and Indien. Discover ist der Stiftung sehr dankbar f\u00fcr die finanzielle Unterst\u00fctzung von Projekten von Discover-Partnern, z. B. dem Kasese Netzwerk in Kasese und Mikwano im Bezirk Kaliro, beide in Uganda.<\/p>\n<p>Discover ist ebenso dankbar f\u00fcr die Unterst\u00fctzung durch die Organisationen <a href=\"https:\/\/www.afrinspire.org.uk\/\" target=\"_blank\" rel=\"noopener noreferrer\">Afrinspire<\/a> und <a href=\"https:\/\/www.stewardship.org.uk\/\">Stewardship Trust<\/a> in Gro\u00dfbritanniern.<\/p>\n<p>&nbsp;<\/p>\n<p style=\"text-align: left;\"><a href=\"https:\/\/discover-src.net\/de\/wp-content\/uploads\/2019\/06\/Humanita\u0308re-Hilfe-fu\u0308r-Uganda-Verl-1.png\"><img loading=\"lazy\" decoding=\"async\" class=\"alignleft wp-image-1940 size-thumbnail\" src=\"https:\/\/discover-src.net\/de\/wp-content\/uploads\/2019\/06\/Humanita\u0308re-Hilfe-fu\u0308r-Uganda-Verl-1-150x150.png\" alt=\"\" width=\"150\" height=\"150\" \/><\/a><\/p>\n<p><a href=\"http:\/\/ugandahilfe-verl.de\/\">Die Humanit\u00e4re Hilfe f\u00fcr Uganda Verl e. V.<\/a> ist eine Hilfsorganisation mit der Zielsetzung, die medizinische Versorgung der Bev\u00f6lkerung in Uganda nachhaltig zu verbessern.<\/p>\n<p>Derzeit unterst\u00fctzt sie dort f\u00fcnf Krankenh\u00e4user, 18 Erste-Hilfe-Stationen und ein Waisenheim mit ihren Projekten. Dazu geh\u00f6rt der Aufbau eines Rettungsdienstsystems im Land, wozu sie deutsche \u00c4rzte und Rettungsassistenten nach Uganda entsenden und die technische Ver- und Entsorgung f\u00fcr die Krankenh\u00e4user sicherstellen. Dar\u00fcber hinaus organisieren sie bedarfsgerecht Hilfsg\u00fctertransporte, um die Erste-Hilfe-Stationen, die Krankenh\u00e4user und das Waisenheim mit Dingen des t\u00e4glichen Bedarfs, mit Betten, medizinischen Ger\u00e4ten, Hilfsmitteln und Verbrauchsmaterial auszustatten. Der Verein widmet sich ausschlie\u00dflich der F\u00f6rderung der Entwicklungsarbeit und ist als gemeinn\u00fctzig anerkannt.<\/p>\n","protected":false},"excerpt":{"rendered":"<p>Partner in Europa Wir sind sehr dankbar f\u00fcr die Zusammenarbeit mit den hier aufgef\u00fchrten Organisationen. Ein Klick auf das jeweilige Logo f\u00fchrt Sie auf die Seite der Organisation. anamed international. Discover ist anamed international und seinem Gr\u00fcnder, dem Apotheker Dr. Hans-Martin Hirt, zu gro\u00dfem Dank verpflichtet. Er hatte die hervorragende Idee, seine Erfahrung und Fertigkeiten [&hellip;]<\/p>\n","protected":false},"author":1,"featured_media":0,"parent":551,"menu_order":0,"comment_status":"closed","ping_status":"closed","template":"","meta":{"ngg_post_thumbnail":0,"footnotes":""},"class_list":["post-1525","page","type-page","status-publish","hentry"],"_links":{"self":[{"href":"https:\/\/discover-src.net\/de\/wp-json\/wp\/v2\/pages\/1525","targetHints":{"allow":["GET"]}}],"collection":[{"href":"https:\/\/discover-src.net\/de\/wp-json\/wp\/v2\/pages"}],"about":[{"href":"https:\/\/discover-src.net\/de\/wp-json\/wp\/v2\/types\/page"}],"author":[{"embeddable":true,"href":"https:\/\/discover-src.net\/de\/wp-json\/wp\/v2\/users\/1"}],"replies":[{"embeddable":true,"href":"https:\/\/discover-src.net\/de\/wp-json\/wp\/v2\/comments?post=1525"}],"version-history":[{"count":27,"href":"https:\/\/discover-src.net\/de\/wp-json\/wp\/v2\/pages\/1525\/revisions"}],"predecessor-version":[{"id":1916,"href":"https:\/\/discover-src.net\/de\/wp-json\/wp\/v2\/pages\/1525\/revisions\/1916"}],"up":[{"embeddable":true,"href":"https:\/\/discover-src.net\/de\/wp-json\/wp\/v2\/pages\/551"}],"wp:attachment":[{"href":"https:\/\/discover-src.net\/de\/wp-json\/wp\/v2\/media?parent=1525"}],"curies":[{"name":"wp","href":"https:\/\/api.w.org\/{rel}","templated":true}]}}