{"id":135,"date":"2016-11-16T11:46:02","date_gmt":"2016-11-16T10:46:02","guid":{"rendered":"http:\/\/discover-src.satzbaustein.de\/?page_id=135"},"modified":"2019-11-21T22:57:26","modified_gmt":"2019-11-21T21:57:26","slug":"start","status":"publish","type":"page","link":"https:\/\/discover-src.net\/de\/","title":{"rendered":"Start"},"content":{"rendered":"<h1 style=\"text-align: center;\">DISCOVER<br \/>\narbeitet zusammen mit Menschen aus Afrika<\/h1>\n<p><img loading=\"lazy\" decoding=\"async\" class=\"wp-image-125 size-medium alignright\" src=\"https:\/\/discover-src.net\/de\/wp-content\/uploads\/2016\/10\/An-excellent-kitchen-garden-in-Maliba-Uganda-1-300x199.jpg\" alt=\"an-excellent-kitchen-garden-in-maliba-uganda\" width=\"300\" height=\"199\" srcset=\"https:\/\/discover-src.net\/de\/wp-content\/uploads\/2016\/10\/An-excellent-kitchen-garden-in-Maliba-Uganda-1-300x199.jpg 300w, https:\/\/discover-src.net\/de\/wp-content\/uploads\/2016\/10\/An-excellent-kitchen-garden-in-Maliba-Uganda-1-768x509.jpg 768w, https:\/\/discover-src.net\/de\/wp-content\/uploads\/2016\/10\/An-excellent-kitchen-garden-in-Maliba-Uganda-1-1024x678.jpg 1024w\" sizes=\"auto, (max-width: 300px) 100vw, 300px\" \/><\/p>\n<ul>\n<li>um vorhandene Ressourcen f\u00fcr Gesundheit und Heilung zu entdecken, zu nutzen und zu sch\u00fctzen,<\/li>\n<li>um in Vergessenheit geratene wertvolle F\u00e4higkeiten und Traditionen zu beleben,<\/li>\n<li>um Zuversicht und mehr Eigenst\u00e4ndigkeit zu gewinnen,<\/li>\n<li>um in Frieden und Harmonie mit allen Mitgliedern der Gemeinschaft zu leben.<\/li>\n<\/ul>\n<p>&nbsp;<\/p>\n<p><a href=\"https:\/\/discover-src.net\/de\/wp-content\/uploads\/2019\/11\/sam_0104.jpg\"><img loading=\"lazy\" decoding=\"async\" class=\"alignleft wp-image-1813\" src=\"https:\/\/discover-src.net\/de\/wp-content\/uploads\/2019\/11\/sam_0104-682x1024.jpg\" alt=\"\" width=\"200\" height=\"300\" srcset=\"https:\/\/discover-src.net\/de\/wp-content\/uploads\/2019\/11\/sam_0104-682x1024.jpg 682w, https:\/\/discover-src.net\/de\/wp-content\/uploads\/2019\/11\/sam_0104-200x300.jpg 200w, https:\/\/discover-src.net\/de\/wp-content\/uploads\/2019\/11\/sam_0104-768x1153.jpg 768w, https:\/\/discover-src.net\/de\/wp-content\/uploads\/2019\/11\/sam_0104.jpg 1132w\" sizes=\"auto, (max-width: 200px) 100vw, 200px\" \/><\/a>Das Logo von DISCOVER zeigt ein Papaya-Blatt.<\/p>\n<p>Die Papaya w\u00e4chst fast \u00fcberall in Afrika, aber nur wenige Menschen wissen, was f\u00fcr eine gro\u00dfartige Pflanze sie ist. Die reife Frucht ist extrem nahrhaft. Die Bl\u00e4tter, die Samen und die unreife Frucht haben umfangreiche medizinische bzw. heilende Eigenschaften. So k\u00f6nnen zum Beispiel infizierte Wunden mit dem Saft der unreifen Frucht behandelt werden, die Bl\u00e4tter helfen gegen Durchfall und sogar Malaria. Dar\u00fcber hinaus gibt es noch viele andere Anwendungsm\u00f6glichkeiten.<\/p>\n<p>Kurz, die Papaya oder Pawpaw ist eine wunderbare Grundlage f\u00fcr Gesundheit und Heilung &#8211; und bietet zudem die M\u00f6glichkeit eines Einkommens.<\/p>\n<p>In seinem vor kurzem ver\u00f6ffentlichten Buch schreibt der \u00e4thiopisch-deutsche Politikwissenschaftler: &#8222;Entwicklungshilfe macht nur dann Sinn, wenn diese tats\u00e4chlich auch die Eigeninitiative der Menschen vor Ort f\u00f6rdert.&#8220; Discover kann mit Genugtuung und Freude feststellen, dass seine Partner in Uganda, Kenia, Ghana und Simbabwe unerl\u00e4sslich neue Initiativen ergreifen! Wir glauben, dass das Geheimnis dieses Erfolgs in unserem sehr engen Kontakt mit unseren Partnern liegt und in der Tatsache, dass wir ein offenes Ohr haben f\u00fcr die Ideen, die sie uns vortragen: ihre Vorstellungen, wie sie die Entwicklung ihrer Gemeinden am besten voranbringen k\u00f6nnen.<\/p>\n<p>&nbsp;<\/p>\n<p>&nbsp;<\/p>\n<p>.<\/p>\n","protected":false},"excerpt":{"rendered":"<p>DISCOVER arbeitet zusammen mit Menschen aus Afrika um vorhandene Ressourcen f\u00fcr Gesundheit und Heilung zu entdecken, zu nutzen und zu sch\u00fctzen, um in Vergessenheit geratene wertvolle F\u00e4higkeiten und Traditionen zu beleben, um Zuversicht und mehr Eigenst\u00e4ndigkeit zu gewinnen, um in Frieden und Harmonie mit allen Mitgliedern der Gemeinschaft zu leben. &nbsp; Das Logo von DISCOVER [&hellip;]<\/p>\n","protected":false},"author":1,"featured_media":0,"parent":0,"menu_order":0,"comment_status":"closed","ping_status":"closed","template":"","meta":{"ngg_post_thumbnail":0,"footnotes":""},"class_list":["post-135","page","type-page","status-publish","hentry"],"_links":{"self":[{"href":"https:\/\/discover-src.net\/de\/wp-json\/wp\/v2\/pages\/135","targetHints":{"allow":["GET"]}}],"collection":[{"href":"https:\/\/discover-src.net\/de\/wp-json\/wp\/v2\/pages"}],"about":[{"href":"https:\/\/discover-src.net\/de\/wp-json\/wp\/v2\/types\/page"}],"author":[{"embeddable":true,"href":"https:\/\/discover-src.net\/de\/wp-json\/wp\/v2\/users\/1"}],"replies":[{"embeddable":true,"href":"https:\/\/discover-src.net\/de\/wp-json\/wp\/v2\/comments?post=135"}],"version-history":[{"count":47,"href":"https:\/\/discover-src.net\/de\/wp-json\/wp\/v2\/pages\/135\/revisions"}],"predecessor-version":[{"id":1819,"href":"https:\/\/discover-src.net\/de\/wp-json\/wp\/v2\/pages\/135\/revisions\/1819"}],"wp:attachment":[{"href":"https:\/\/discover-src.net\/de\/wp-json\/wp\/v2\/media?parent=135"}],"curies":[{"name":"wp","href":"https:\/\/api.w.org\/{rel}","templated":true}]}}